{"id":70,"date":"2025-12-30T08:24:36","date_gmt":"2025-12-30T08:24:36","guid":{"rendered":"https:\/\/www.destinytedarik.com\/?page_id=70"},"modified":"2026-01-19T20:33:57","modified_gmt":"2026-01-19T20:33:57","slug":"ambalaj-sarf-malzemeleri","status":"publish","type":"page","link":"https:\/\/www.destinytedarik.com\/index.php\/ambalaj-sarf-malzemeleri\/","title":{"rendered":"AMBALAJ MALZEME GRUBU"},"content":{"rendered":"\t\t<div data-elementor-type=\"wp-page\" data-elementor-id=\"70\" class=\"elementor elementor-70\" data-elementor-post-type=\"page\">\n\t\t\t\t<div class=\"elementor-element elementor-element-160aa12 e-flex e-con-boxed e-con e-parent\" data-id=\"160aa12\" data-element_type=\"container\" data-e-type=\"container\">\n\t\t\t\t\t<div class=\"e-con-inner\">\n\t\t\t\t<div class=\"elementor-element elementor-element-3e7a70c elementor-widget elementor-widget-heading\" data-id=\"3e7a70c\" data-element_type=\"widget\" data-e-type=\"widget\" data-widget_type=\"heading.default\">\n\t\t\t\t\t<h2 class=\"elementor-heading-title elementor-size-default\">AMBALAJ MALZEME GRUBU<\/h2>\t\t\t\t<\/div>\n\t\t\t\t\t<\/div>\n\t\t\t\t<\/div>\n\t\t<div class=\"elementor-element elementor-element-37a89ab e-flex e-con-boxed e-con e-parent\" data-id=\"37a89ab\" data-element_type=\"container\" data-e-type=\"container\">\n\t\t\t\t\t<div class=\"e-con-inner\">\n\t\t<div class=\"elementor-element elementor-element-3182e08 e-con-full e-flex e-con e-child\" data-id=\"3182e08\" data-element_type=\"container\" data-e-type=\"container\">\n\t\t<div class=\"elementor-element elementor-element-a9ab6cc e-con-full e-flex e-con e-child\" data-id=\"a9ab6cc\" data-element_type=\"container\" data-e-type=\"container\">\n\t\t<div class=\"elementor-element elementor-element-4fa8393 e-con-full e-flex e-con e-child\" data-id=\"4fa8393\" data-element_type=\"container\" data-e-type=\"container\">\n\t\t\t\t<div class=\"elementor-element elementor-element-610bb10 elementor-widget elementor-widget-image\" data-id=\"610bb10\" data-element_type=\"widget\" data-e-type=\"widget\" data-widget_type=\"image.default\">\n\t\t\t\t\t\t\t\t\t\t\t\t<figure class=\"wp-caption\">\n\t\t\t\t\t\t\t\t\t\t<img fetchpriority=\"high\" decoding=\"async\" width=\"300\" height=\"300\" src=\"https:\/\/www.destinytedarik.com\/wp-content\/uploads\/2026\/01\/2-8.jpg\" class=\"attachment-medium size-medium wp-image-1030\" alt=\"\" srcset=\"https:\/\/www.destinytedarik.com\/wp-content\/uploads\/2026\/01\/2-8.jpg 300w, https:\/\/www.destinytedarik.com\/wp-content\/uploads\/2026\/01\/2-8-150x150.jpg 150w\" sizes=\"(max-width: 300px) 100vw, 300px\" \/>\t\t\t\t\t\t\t\t\t\t\t<figcaption class=\"widget-image-caption wp-caption-text\"><\/figcaption>\n\t\t\t\t\t\t\t\t\t\t<\/figure>\n\t\t\t\t\t\t\t\t\t<\/div>\n\t\t\t\t<div class=\"elementor-element elementor-element-29d1560 elementor-widget elementor-widget-heading\" data-id=\"29d1560\" data-element_type=\"widget\" data-e-type=\"widget\" data-widget_type=\"heading.default\">\n\t\t\t\t\t<h2 class=\"elementor-heading-title elementor-size-default\">S\u0131zd\u0131rmazlar &amp; Plastik Kaplar<\/h2>\t\t\t\t<\/div>\n\t\t\t\t<\/div>\n\t\t<div class=\"elementor-element elementor-element-2a09aec e-con-full e-flex e-con e-child\" data-id=\"2a09aec\" data-element_type=\"container\" data-e-type=\"container\">\n\t\t\t\t<div class=\"elementor-element elementor-element-a23ea34 elementor-widget elementor-widget-image\" data-id=\"a23ea34\" data-element_type=\"widget\" data-e-type=\"widget\" data-widget_type=\"image.default\">\n\t\t\t\t\t\t\t\t\t\t\t\t<figure class=\"wp-caption\">\n\t\t\t\t\t\t\t\t\t\t<img decoding=\"async\" width=\"300\" height=\"300\" src=\"https:\/\/www.destinytedarik.com\/wp-content\/uploads\/2026\/01\/Adsiz-tasarim-49.jpg\" class=\"attachment-medium size-medium wp-image-1020\" alt=\"\" srcset=\"https:\/\/www.destinytedarik.com\/wp-content\/uploads\/2026\/01\/Adsiz-tasarim-49.jpg 300w, https:\/\/www.destinytedarik.com\/wp-content\/uploads\/2026\/01\/Adsiz-tasarim-49-150x150.jpg 150w\" sizes=\"(max-width: 300px) 100vw, 300px\" \/>\t\t\t\t\t\t\t\t\t\t\t<figcaption class=\"widget-image-caption wp-caption-text\"><\/figcaption>\n\t\t\t\t\t\t\t\t\t\t<\/figure>\n\t\t\t\t\t\t\t\t\t<\/div>\n\t\t\t\t<div class=\"elementor-element elementor-element-2893c74 elementor-widget elementor-widget-heading\" data-id=\"2893c74\" data-element_type=\"widget\" data-e-type=\"widget\" data-widget_type=\"heading.default\">\n\t\t\t\t\t<h2 class=\"elementor-heading-title elementor-size-default\">Karton &amp; Plastik Bardaklar<\/h2>\t\t\t\t<\/div>\n\t\t\t\t<\/div>\n\t\t<div class=\"elementor-element elementor-element-daa31aa e-con-full e-flex e-con e-child\" data-id=\"daa31aa\" data-element_type=\"container\" data-e-type=\"container\">\n\t\t\t\t<div class=\"elementor-element elementor-element-4f0d017 elementor-widget elementor-widget-image\" data-id=\"4f0d017\" data-element_type=\"widget\" data-e-type=\"widget\" data-widget_type=\"image.default\">\n\t\t\t\t\t\t\t\t\t\t\t\t<figure class=\"wp-caption\">\n\t\t\t\t\t\t\t\t\t\t<img decoding=\"async\" width=\"300\" height=\"300\" src=\"https:\/\/www.destinytedarik.com\/wp-content\/uploads\/2026\/01\/2-10.jpg\" class=\"attachment-medium size-medium wp-image-1385\" alt=\"\" srcset=\"https:\/\/www.destinytedarik.com\/wp-content\/uploads\/2026\/01\/2-10.jpg 300w, https:\/\/www.destinytedarik.com\/wp-content\/uploads\/2026\/01\/2-10-150x150.jpg 150w\" sizes=\"(max-width: 300px) 100vw, 300px\" \/>\t\t\t\t\t\t\t\t\t\t\t<figcaption class=\"widget-image-caption wp-caption-text\"><\/figcaption>\n\t\t\t\t\t\t\t\t\t\t<\/figure>\n\t\t\t\t\t\t\t\t\t<\/div>\n\t\t\t\t<div class=\"elementor-element elementor-element-f92d68d elementor-widget elementor-widget-heading\" data-id=\"f92d68d\" data-element_type=\"widget\" data-e-type=\"widget\" data-widget_type=\"heading.default\">\n\t\t\t\t\t<h2 class=\"elementor-heading-title elementor-size-default\">Al\u00fcminyum Kaplar &amp; Kapaklar<\/h2>\t\t\t\t<\/div>\n\t\t\t\t<\/div>\n\t\t<div class=\"elementor-element elementor-element-e1ec60a e-con-full e-flex e-con e-child\" data-id=\"e1ec60a\" data-element_type=\"container\" data-e-type=\"container\">\n\t\t\t\t<div class=\"elementor-element elementor-element-3b6ee84 elementor-widget elementor-widget-image\" data-id=\"3b6ee84\" data-element_type=\"widget\" data-e-type=\"widget\" data-widget_type=\"image.default\">\n\t\t\t\t\t\t\t\t\t\t\t\t<figure class=\"wp-caption\">\n\t\t\t\t\t\t\t\t\t\t<img loading=\"lazy\" decoding=\"async\" width=\"300\" height=\"300\" src=\"https:\/\/www.destinytedarik.com\/wp-content\/uploads\/2026\/01\/1-19.jpg\" class=\"attachment-medium size-medium wp-image-1386\" alt=\"\" srcset=\"https:\/\/www.destinytedarik.com\/wp-content\/uploads\/2026\/01\/1-19.jpg 300w, https:\/\/www.destinytedarik.com\/wp-content\/uploads\/2026\/01\/1-19-150x150.jpg 150w\" sizes=\"(max-width: 300px) 100vw, 300px\" \/>\t\t\t\t\t\t\t\t\t\t\t<figcaption class=\"widget-image-caption wp-caption-text\"><\/figcaption>\n\t\t\t\t\t\t\t\t\t\t<\/figure>\n\t\t\t\t\t\t\t\t\t<\/div>\n\t\t\t\t<div class=\"elementor-element elementor-element-45456f3 elementor-widget elementor-widget-heading\" data-id=\"45456f3\" data-element_type=\"widget\" data-e-type=\"widget\" data-widget_type=\"heading.default\">\n\t\t\t\t\t<h2 class=\"elementor-heading-title elementor-size-default\">Karton &amp; K\u00f6p\u00fck Kaplar, Kapaklar<\/h2>\t\t\t\t<\/div>\n\t\t\t\t<\/div>\n\t\t\t\t<\/div>\n\t\t\t\t<\/div>\n\t\t\t\t\t<\/div>\n\t\t\t\t<\/div>\n\t\t<div class=\"elementor-element elementor-element-1892f85 e-flex e-con-boxed e-con e-parent\" data-id=\"1892f85\" data-element_type=\"container\" data-e-type=\"container\">\n\t\t\t\t\t<div class=\"e-con-inner\">\n\t\t<div class=\"elementor-element elementor-element-f67a125 e-con-full e-flex e-con e-child\" data-id=\"f67a125\" data-element_type=\"container\" data-e-type=\"container\">\n\t\t<div class=\"elementor-element elementor-element-30be9b5 e-con-full e-flex e-con e-child\" data-id=\"30be9b5\" data-element_type=\"container\" data-e-type=\"container\">\n\t\t<div class=\"elementor-element elementor-element-603edd4 e-con-full e-flex e-con e-child\" data-id=\"603edd4\" data-element_type=\"container\" data-e-type=\"container\">\n\t\t\t\t<div class=\"elementor-element elementor-element-f49bed4 elementor-widget elementor-widget-image\" data-id=\"f49bed4\" data-element_type=\"widget\" data-e-type=\"widget\" data-widget_type=\"image.default\">\n\t\t\t\t\t\t\t\t\t\t\t\t<figure class=\"wp-caption\">\n\t\t\t\t\t\t\t\t\t\t<img loading=\"lazy\" decoding=\"async\" width=\"300\" height=\"300\" src=\"https:\/\/www.destinytedarik.com\/wp-content\/uploads\/2026\/01\/7-3.jpg\" class=\"attachment-medium size-medium wp-image-1336\" alt=\"\" srcset=\"https:\/\/www.destinytedarik.com\/wp-content\/uploads\/2026\/01\/7-3.jpg 300w, https:\/\/www.destinytedarik.com\/wp-content\/uploads\/2026\/01\/7-3-150x150.jpg 150w\" sizes=\"(max-width: 300px) 100vw, 300px\" \/>\t\t\t\t\t\t\t\t\t\t\t<figcaption class=\"widget-image-caption wp-caption-text\"><\/figcaption>\n\t\t\t\t\t\t\t\t\t\t<\/figure>\n\t\t\t\t\t\t\t\t\t<\/div>\n\t\t\t\t<div class=\"elementor-element elementor-element-2c8fe97 elementor-widget elementor-widget-heading\" data-id=\"2c8fe97\" data-element_type=\"widget\" data-e-type=\"widget\" data-widget_type=\"heading.default\">\n\t\t\t\t\t<h2 class=\"elementor-heading-title elementor-size-default\">G\u0131da Numune Kaplar\u0131<\/h2>\t\t\t\t<\/div>\n\t\t\t\t<\/div>\n\t\t<div class=\"elementor-element elementor-element-7613cb5 e-con-full e-flex e-con e-child\" data-id=\"7613cb5\" data-element_type=\"container\" data-e-type=\"container\">\n\t\t\t\t<div class=\"elementor-element elementor-element-942e599 elementor-widget elementor-widget-image\" data-id=\"942e599\" data-element_type=\"widget\" data-e-type=\"widget\" data-widget_type=\"image.default\">\n\t\t\t\t\t\t\t\t\t\t\t\t<figure class=\"wp-caption\">\n\t\t\t\t\t\t\t\t\t\t<img loading=\"lazy\" decoding=\"async\" width=\"300\" height=\"300\" src=\"https:\/\/www.destinytedarik.com\/wp-content\/uploads\/2026\/01\/Adsiz-tasarim-52.jpg\" class=\"attachment-medium size-medium wp-image-1036\" alt=\"\" srcset=\"https:\/\/www.destinytedarik.com\/wp-content\/uploads\/2026\/01\/Adsiz-tasarim-52.jpg 300w, https:\/\/www.destinytedarik.com\/wp-content\/uploads\/2026\/01\/Adsiz-tasarim-52-150x150.jpg 150w\" sizes=\"(max-width: 300px) 100vw, 300px\" \/>\t\t\t\t\t\t\t\t\t\t\t<figcaption class=\"widget-image-caption wp-caption-text\"><\/figcaption>\n\t\t\t\t\t\t\t\t\t\t<\/figure>\n\t\t\t\t\t\t\t\t\t<\/div>\n\t\t\t\t<div class=\"elementor-element elementor-element-1770e3e elementor-widget elementor-widget-heading\" data-id=\"1770e3e\" data-element_type=\"widget\" data-e-type=\"widget\" data-widget_type=\"heading.default\">\n\t\t\t\t\t<h2 class=\"elementor-heading-title elementor-size-default\">Karton Tabaklar<\/h2>\t\t\t\t<\/div>\n\t\t\t\t<\/div>\n\t\t<div class=\"elementor-element elementor-element-81ec860 e-con-full e-flex e-con e-child\" data-id=\"81ec860\" data-element_type=\"container\" data-e-type=\"container\">\n\t\t\t\t<div class=\"elementor-element elementor-element-604863e elementor-widget elementor-widget-image\" data-id=\"604863e\" data-element_type=\"widget\" data-e-type=\"widget\" data-widget_type=\"image.default\">\n\t\t\t\t\t\t\t\t\t\t\t\t<figure class=\"wp-caption\">\n\t\t\t\t\t\t\t\t\t\t<img loading=\"lazy\" decoding=\"async\" width=\"300\" height=\"300\" src=\"https:\/\/www.destinytedarik.com\/wp-content\/uploads\/2026\/01\/1-13.jpg\" class=\"attachment-medium size-medium wp-image-1031\" alt=\"\" srcset=\"https:\/\/www.destinytedarik.com\/wp-content\/uploads\/2026\/01\/1-13.jpg 300w, https:\/\/www.destinytedarik.com\/wp-content\/uploads\/2026\/01\/1-13-150x150.jpg 150w\" sizes=\"(max-width: 300px) 100vw, 300px\" \/>\t\t\t\t\t\t\t\t\t\t\t<figcaption class=\"widget-image-caption wp-caption-text\"><\/figcaption>\n\t\t\t\t\t\t\t\t\t\t<\/figure>\n\t\t\t\t\t\t\t\t\t<\/div>\n\t\t\t\t<div class=\"elementor-element elementor-element-46a9a14 elementor-widget elementor-widget-heading\" data-id=\"46a9a14\" data-element_type=\"widget\" data-e-type=\"widget\" data-widget_type=\"heading.default\">\n\t\t\t\t\t<h2 class=\"elementor-heading-title elementor-size-default\">Mikrodalga Kaplar &amp; Kapaklar<\/h2>\t\t\t\t<\/div>\n\t\t\t\t<\/div>\n\t\t<div class=\"elementor-element elementor-element-ed96cfd e-con-full e-flex e-con e-child\" data-id=\"ed96cfd\" data-element_type=\"container\" data-e-type=\"container\">\n\t\t\t\t<div class=\"elementor-element elementor-element-8c0ff89 elementor-widget elementor-widget-image\" data-id=\"8c0ff89\" data-element_type=\"widget\" data-e-type=\"widget\" data-widget_type=\"image.default\">\n\t\t\t\t\t\t\t\t\t\t\t\t<figure class=\"wp-caption\">\n\t\t\t\t\t\t\t\t\t\t<img loading=\"lazy\" decoding=\"async\" width=\"300\" height=\"300\" src=\"https:\/\/www.destinytedarik.com\/wp-content\/uploads\/2026\/01\/Yogurt.jpg\" class=\"attachment-medium size-medium wp-image-1379\" alt=\"\" srcset=\"https:\/\/www.destinytedarik.com\/wp-content\/uploads\/2026\/01\/Yogurt.jpg 300w, https:\/\/www.destinytedarik.com\/wp-content\/uploads\/2026\/01\/Yogurt-150x150.jpg 150w\" sizes=\"(max-width: 300px) 100vw, 300px\" \/>\t\t\t\t\t\t\t\t\t\t\t<figcaption class=\"widget-image-caption wp-caption-text\"><\/figcaption>\n\t\t\t\t\t\t\t\t\t\t<\/figure>\n\t\t\t\t\t\t\t\t\t<\/div>\n\t\t\t\t<div class=\"elementor-element elementor-element-31b36ca elementor-widget elementor-widget-heading\" data-id=\"31b36ca\" data-element_type=\"widget\" data-e-type=\"widget\" data-widget_type=\"heading.default\">\n\t\t\t\t\t<h2 class=\"elementor-heading-title elementor-size-default\">Di\u011fer Ambalaj \u00dcr\u00fcnleri &amp; Tamamlay\u0131c\u0131lar<\/h2>\t\t\t\t<\/div>\n\t\t\t\t<\/div>\n\t\t\t\t<\/div>\n\t\t\t\t<\/div>\n\t\t\t\t\t<\/div>\n\t\t\t\t<\/div>\n\t\t\t\t<\/div>\n\t\t","protected":false},"excerpt":{"rendered":"<p>AMBALAJ MALZEME GRUBU S\u0131zd\u0131rmazlar &amp; Plastik Kaplar Karton &amp; Plastik Bardaklar Al\u00fcminyum Kaplar &amp; Kapaklar Karton &amp; K\u00f6p\u00fck Kaplar, Kapaklar G\u0131da Numune Kaplar\u0131 Karton Tabaklar Mikrodalga Kaplar &amp; Kapaklar Di\u011fer Ambalaj \u00dcr\u00fcnleri &amp; Tamamlay\u0131c\u0131lar<\/p>\n","protected":false},"author":1,"featured_media":0,"parent":0,"menu_order":0,"comment_status":"closed","ping_status":"closed","template":"","meta":{"footnotes":""},"class_list":["post-70","page","type-page","status-publish","hentry"],"blocksy_meta":[],"_links":{"self":[{"href":"https:\/\/www.destinytedarik.com\/index.php\/wp-json\/wp\/v2\/pages\/70","targetHints":{"allow":["GET"]}}],"collection":[{"href":"https:\/\/www.destinytedarik.com\/index.php\/wp-json\/wp\/v2\/pages"}],"about":[{"href":"https:\/\/www.destinytedarik.com\/index.php\/wp-json\/wp\/v2\/types\/page"}],"author":[{"embeddable":true,"href":"https:\/\/www.destinytedarik.com\/index.php\/wp-json\/wp\/v2\/users\/1"}],"replies":[{"embeddable":true,"href":"https:\/\/www.destinytedarik.com\/index.php\/wp-json\/wp\/v2\/comments?post=70"}],"version-history":[{"count":0,"href":"https:\/\/www.destinytedarik.com\/index.php\/wp-json\/wp\/v2\/pages\/70\/revisions"}],"wp:attachment":[{"href":"https:\/\/www.destinytedarik.com\/index.php\/wp-json\/wp\/v2\/media?parent=70"}],"curies":[{"name":"wp","href":"https:\/\/api.w.org\/{rel}","templated":true}]}}