{"id":593,"date":"2026-01-06T18:44:00","date_gmt":"2026-01-06T18:44:00","guid":{"rendered":"https:\/\/www.destinytedarik.com\/?page_id=593"},"modified":"2026-01-20T10:59:09","modified_gmt":"2026-01-20T10:59:09","slug":"hijyen-urunleri","status":"publish","type":"page","link":"https:\/\/www.destinytedarik.com\/index.php\/hijyen-urunleri\/","title":{"rendered":"H\u0130JYEN \u00dcR\u00dcNLER\u0130 GRUBU"},"content":{"rendered":"\t\t<div data-elementor-type=\"wp-page\" data-elementor-id=\"593\" class=\"elementor elementor-593\" data-elementor-post-type=\"page\">\n\t\t\t\t<div class=\"elementor-element elementor-element-d574f02 e-flex e-con-boxed e-con e-parent\" data-id=\"d574f02\" data-element_type=\"container\" data-e-type=\"container\">\n\t\t\t\t\t<div class=\"e-con-inner\">\n\t\t\t\t<div class=\"elementor-element elementor-element-fad4751 elementor-widget elementor-widget-heading\" data-id=\"fad4751\" data-element_type=\"widget\" data-e-type=\"widget\" data-widget_type=\"heading.default\">\n\t\t\t\t\t<h2 class=\"elementor-heading-title elementor-size-default\">H\u0130JYEN \u00dcR\u00dcNLER\u0130 GRUBU<\/h2>\t\t\t\t<\/div>\n\t\t\t\t\t<\/div>\n\t\t\t\t<\/div>\n\t\t<div class=\"elementor-element elementor-element-e433a1f e-flex e-con-boxed e-con e-parent\" data-id=\"e433a1f\" data-element_type=\"container\" data-e-type=\"container\">\n\t\t\t\t\t<div class=\"e-con-inner\">\n\t\t<div class=\"elementor-element elementor-element-ce0bd3c e-con-full e-flex e-con e-child\" data-id=\"ce0bd3c\" data-element_type=\"container\" data-e-type=\"container\">\n\t\t<div class=\"elementor-element elementor-element-93a6dfb e-con-full e-flex e-con e-child\" data-id=\"93a6dfb\" data-element_type=\"container\" data-e-type=\"container\">\n\t\t\t\t<div class=\"elementor-element elementor-element-d34a04e elementor-widget elementor-widget-image\" data-id=\"d34a04e\" data-element_type=\"widget\" data-e-type=\"widget\" data-widget_type=\"image.default\">\n\t\t\t\t\t\t\t\t\t\t\t\t<figure class=\"wp-caption\">\n\t\t\t\t\t\t\t\t\t\t<img fetchpriority=\"high\" decoding=\"async\" width=\"300\" height=\"300\" src=\"https:\/\/www.destinytedarik.com\/wp-content\/uploads\/2026\/01\/1-1.jpg\" class=\"attachment-medium size-medium wp-image-1599\" alt=\"\" srcset=\"https:\/\/www.destinytedarik.com\/wp-content\/uploads\/2026\/01\/1-1.jpg 300w, https:\/\/www.destinytedarik.com\/wp-content\/uploads\/2026\/01\/1-1-150x150.jpg 150w\" sizes=\"(max-width: 300px) 100vw, 300px\" \/>\t\t\t\t\t\t\t\t\t\t\t<figcaption class=\"widget-image-caption wp-caption-text\"><\/figcaption>\n\t\t\t\t\t\t\t\t\t\t<\/figure>\n\t\t\t\t\t\t\t\t\t<\/div>\n\t\t\t\t<div class=\"elementor-element elementor-element-e9fd6f0 elementor-widget elementor-widget-heading\" data-id=\"e9fd6f0\" data-element_type=\"widget\" data-e-type=\"widget\" data-widget_type=\"heading.default\">\n\t\t\t\t\t<h2 class=\"elementor-heading-title elementor-size-default\">Eldivenler<\/h2>\t\t\t\t<\/div>\n\t\t\t\t<\/div>\n\t\t<div class=\"elementor-element elementor-element-f8991b7 e-con-full e-flex e-con e-child\" data-id=\"f8991b7\" data-element_type=\"container\" data-e-type=\"container\">\n\t\t\t\t<div class=\"elementor-element elementor-element-edd5962 elementor-widget elementor-widget-image\" data-id=\"edd5962\" data-element_type=\"widget\" data-e-type=\"widget\" data-widget_type=\"image.default\">\n\t\t\t\t\t\t\t\t\t\t\t\t<figure class=\"wp-caption\">\n\t\t\t\t\t\t\t\t\t\t<img decoding=\"async\" width=\"300\" height=\"300\" src=\"https:\/\/www.destinytedarik.com\/wp-content\/uploads\/2026\/01\/3-8.jpg\" class=\"attachment-medium size-medium wp-image-1366\" alt=\"\" srcset=\"https:\/\/www.destinytedarik.com\/wp-content\/uploads\/2026\/01\/3-8.jpg 300w, https:\/\/www.destinytedarik.com\/wp-content\/uploads\/2026\/01\/3-8-150x150.jpg 150w\" sizes=\"(max-width: 300px) 100vw, 300px\" \/>\t\t\t\t\t\t\t\t\t\t\t<figcaption class=\"widget-image-caption wp-caption-text\"><\/figcaption>\n\t\t\t\t\t\t\t\t\t\t<\/figure>\n\t\t\t\t\t\t\t\t\t<\/div>\n\t\t\t\t<div class=\"elementor-element elementor-element-21d5dc6 elementor-widget elementor-widget-heading\" data-id=\"21d5dc6\" data-element_type=\"widget\" data-e-type=\"widget\" data-widget_type=\"heading.default\">\n\t\t\t\t\t<h2 class=\"elementor-heading-title elementor-size-default\">Boneler &amp; Maskeler &amp; Kepler<\/h2>\t\t\t\t<\/div>\n\t\t\t\t<\/div>\n\t\t<div class=\"elementor-element elementor-element-5fca48d e-con-full e-flex e-con e-child\" data-id=\"5fca48d\" data-element_type=\"container\" data-e-type=\"container\">\n\t\t\t\t<div class=\"elementor-element elementor-element-9720542 elementor-widget elementor-widget-image\" data-id=\"9720542\" data-element_type=\"widget\" data-e-type=\"widget\" data-widget_type=\"image.default\">\n\t\t\t\t\t\t\t\t\t\t\t\t<figure class=\"wp-caption\">\n\t\t\t\t\t\t\t\t\t\t<img decoding=\"async\" width=\"300\" height=\"300\" src=\"https:\/\/www.destinytedarik.com\/wp-content\/uploads\/2026\/01\/4-4.jpg\" class=\"attachment-medium size-medium wp-image-1367\" alt=\"\" srcset=\"https:\/\/www.destinytedarik.com\/wp-content\/uploads\/2026\/01\/4-4.jpg 300w, https:\/\/www.destinytedarik.com\/wp-content\/uploads\/2026\/01\/4-4-150x150.jpg 150w\" sizes=\"(max-width: 300px) 100vw, 300px\" \/>\t\t\t\t\t\t\t\t\t\t\t<figcaption class=\"widget-image-caption wp-caption-text\"><\/figcaption>\n\t\t\t\t\t\t\t\t\t\t<\/figure>\n\t\t\t\t\t\t\t\t\t<\/div>\n\t\t\t\t<div class=\"elementor-element elementor-element-4904270 elementor-widget elementor-widget-heading\" data-id=\"4904270\" data-element_type=\"widget\" data-e-type=\"widget\" data-widget_type=\"heading.default\">\n\t\t\t\t\t<h2 class=\"elementor-heading-title elementor-size-default\">Kolluklar &amp; Galo\u015flar<\/h2>\t\t\t\t<\/div>\n\t\t\t\t<\/div>\n\t\t<div class=\"elementor-element elementor-element-733bf97 e-con-full e-flex e-con e-child\" data-id=\"733bf97\" data-element_type=\"container\" data-e-type=\"container\">\n\t\t\t\t<div class=\"elementor-element elementor-element-556ae12 elementor-widget elementor-widget-image\" data-id=\"556ae12\" data-element_type=\"widget\" data-e-type=\"widget\" data-widget_type=\"image.default\">\n\t\t\t\t\t\t\t\t\t\t\t\t<figure class=\"wp-caption\">\n\t\t\t\t\t\t\t\t\t\t<img loading=\"lazy\" decoding=\"async\" width=\"300\" height=\"300\" src=\"https:\/\/www.destinytedarik.com\/wp-content\/uploads\/2026\/01\/300300-onluk.jpg\" class=\"attachment-medium size-medium wp-image-1595\" alt=\"\" srcset=\"https:\/\/www.destinytedarik.com\/wp-content\/uploads\/2026\/01\/300300-onluk.jpg 300w, https:\/\/www.destinytedarik.com\/wp-content\/uploads\/2026\/01\/300300-onluk-150x150.jpg 150w\" sizes=\"(max-width: 300px) 100vw, 300px\" \/>\t\t\t\t\t\t\t\t\t\t\t<figcaption class=\"widget-image-caption wp-caption-text\"><\/figcaption>\n\t\t\t\t\t\t\t\t\t\t<\/figure>\n\t\t\t\t\t\t\t\t\t<\/div>\n\t\t\t\t<div class=\"elementor-element elementor-element-cae961d elementor-widget elementor-widget-heading\" data-id=\"cae961d\" data-element_type=\"widget\" data-e-type=\"widget\" data-widget_type=\"heading.default\">\n\t\t\t\t\t<h2 class=\"elementor-heading-title elementor-size-default\">\u00d6nl\u00fckler<\/h2>\t\t\t\t<\/div>\n\t\t\t\t<\/div>\n\t\t\t\t<\/div>\n\t\t\t\t\t<\/div>\n\t\t\t\t<\/div>\n\t\t<div class=\"elementor-element elementor-element-efb0b1e e-flex e-con-boxed e-con e-parent\" data-id=\"efb0b1e\" data-element_type=\"container\" data-e-type=\"container\">\n\t\t\t\t\t<div class=\"e-con-inner\">\n\t\t<div class=\"elementor-element elementor-element-4717ca6 e-con-full e-flex e-con e-child\" data-id=\"4717ca6\" data-element_type=\"container\" data-e-type=\"container\">\n\t\t<div class=\"elementor-element elementor-element-9961760 e-con-full e-flex e-con e-child\" data-id=\"9961760\" data-element_type=\"container\" data-e-type=\"container\">\n\t\t\t\t<div class=\"elementor-element elementor-element-e1d3967 elementor-widget elementor-widget-image\" data-id=\"e1d3967\" data-element_type=\"widget\" data-e-type=\"widget\" data-widget_type=\"image.default\">\n\t\t\t\t\t\t\t\t\t\t\t\t<figure class=\"wp-caption\">\n\t\t\t\t\t\t\t\t\t\t<img loading=\"lazy\" decoding=\"async\" width=\"300\" height=\"300\" src=\"https:\/\/www.destinytedarik.com\/wp-content\/uploads\/2026\/01\/5-1.jpg\" class=\"attachment-medium size-medium wp-image-1368\" alt=\"\" srcset=\"https:\/\/www.destinytedarik.com\/wp-content\/uploads\/2026\/01\/5-1.jpg 300w, https:\/\/www.destinytedarik.com\/wp-content\/uploads\/2026\/01\/5-1-150x150.jpg 150w\" sizes=\"(max-width: 300px) 100vw, 300px\" \/>\t\t\t\t\t\t\t\t\t\t\t<figcaption class=\"widget-image-caption wp-caption-text\"><\/figcaption>\n\t\t\t\t\t\t\t\t\t\t<\/figure>\n\t\t\t\t\t\t\t\t\t<\/div>\n\t\t\t\t<div class=\"elementor-element elementor-element-7f0c180 elementor-widget elementor-widget-heading\" data-id=\"7f0c180\" data-element_type=\"widget\" data-e-type=\"widget\" data-widget_type=\"heading.default\">\n\t\t\t\t\t<h2 class=\"elementor-heading-title elementor-size-default\">Hijyenik \u00dcr\u00fcn Dispenserleri<\/h2>\t\t\t\t<\/div>\n\t\t\t\t<\/div>\n\t\t<div class=\"elementor-element elementor-element-1356031 e-con-full e-flex e-con e-child\" data-id=\"1356031\" data-element_type=\"container\" data-e-type=\"container\">\n\t\t\t\t<div class=\"elementor-element elementor-element-72dba43 elementor-widget elementor-widget-image\" data-id=\"72dba43\" data-element_type=\"widget\" data-e-type=\"widget\" data-widget_type=\"image.default\">\n\t\t\t\t\t\t\t\t\t\t\t\t<figure class=\"wp-caption\">\n\t\t\t\t\t\t\t\t\t\t<img loading=\"lazy\" decoding=\"async\" width=\"300\" height=\"300\" src=\"https:\/\/www.destinytedarik.com\/wp-content\/uploads\/2026\/01\/Adsiz-tasarim-53.jpg\" class=\"attachment-medium size-medium wp-image-1046\" alt=\"\" srcset=\"https:\/\/www.destinytedarik.com\/wp-content\/uploads\/2026\/01\/Adsiz-tasarim-53.jpg 300w, https:\/\/www.destinytedarik.com\/wp-content\/uploads\/2026\/01\/Adsiz-tasarim-53-150x150.jpg 150w\" sizes=\"(max-width: 300px) 100vw, 300px\" \/>\t\t\t\t\t\t\t\t\t\t\t<figcaption class=\"widget-image-caption wp-caption-text\"><\/figcaption>\n\t\t\t\t\t\t\t\t\t\t<\/figure>\n\t\t\t\t\t\t\t\t\t<\/div>\n\t\t\t\t<div class=\"elementor-element elementor-element-dc0fd77 elementor-widget elementor-widget-heading\" data-id=\"dc0fd77\" data-element_type=\"widget\" data-e-type=\"widget\" data-widget_type=\"heading.default\">\n\t\t\t\t\t<h2 class=\"elementor-heading-title elementor-size-default\">Kolonyal\u0131 Mendiller<\/h2>\t\t\t\t<\/div>\n\t\t\t\t<\/div>\n\t\t<div class=\"elementor-element elementor-element-75c191b e-con-full e-flex e-con e-child\" data-id=\"75c191b\" data-element_type=\"container\" data-e-type=\"container\">\n\t\t\t\t<div class=\"elementor-element elementor-element-d6ff58f elementor-widget elementor-widget-image\" data-id=\"d6ff58f\" data-element_type=\"widget\" data-e-type=\"widget\" data-widget_type=\"image.default\">\n\t\t\t\t\t\t\t\t\t\t\t\t<figure class=\"wp-caption\">\n\t\t\t\t\t\t\t\t\t\t<img loading=\"lazy\" decoding=\"async\" width=\"300\" height=\"300\" src=\"https:\/\/www.destinytedarik.com\/wp-content\/uploads\/2026\/01\/1-18.jpg\" class=\"attachment-medium size-medium wp-image-1369\" alt=\"\" srcset=\"https:\/\/www.destinytedarik.com\/wp-content\/uploads\/2026\/01\/1-18.jpg 300w, https:\/\/www.destinytedarik.com\/wp-content\/uploads\/2026\/01\/1-18-150x150.jpg 150w\" sizes=\"(max-width: 300px) 100vw, 300px\" \/>\t\t\t\t\t\t\t\t\t\t\t<figcaption class=\"widget-image-caption wp-caption-text\"><\/figcaption>\n\t\t\t\t\t\t\t\t\t\t<\/figure>\n\t\t\t\t\t\t\t\t\t<\/div>\n\t\t\t\t<div class=\"elementor-element elementor-element-b8ca343 elementor-widget elementor-widget-heading\" data-id=\"b8ca343\" data-element_type=\"widget\" data-e-type=\"widget\" data-widget_type=\"heading.default\">\n\t\t\t\t\t<h2 class=\"elementor-heading-title elementor-size-default\">T\u0131bbi At\u0131k Kovalar\u0131<\/h2>\t\t\t\t<\/div>\n\t\t\t\t<\/div>\n\t\t<div class=\"elementor-element elementor-element-7f65c42 e-con-full e-flex e-con e-child\" data-id=\"7f65c42\" data-element_type=\"container\" data-e-type=\"container\">\n\t\t\t\t<div class=\"elementor-element elementor-element-4545af0 elementor-widget elementor-widget-image\" data-id=\"4545af0\" data-element_type=\"widget\" data-e-type=\"widget\" data-widget_type=\"image.default\">\n\t\t\t\t\t\t\t\t\t\t\t\t<figure class=\"wp-caption\">\n\t\t\t\t\t\t\t\t\t\t<img loading=\"lazy\" decoding=\"async\" width=\"300\" height=\"300\" src=\"https:\/\/www.destinytedarik.com\/wp-content\/uploads\/2026\/01\/2-9.jpg\" class=\"attachment-medium size-medium wp-image-1370\" alt=\"\" srcset=\"https:\/\/www.destinytedarik.com\/wp-content\/uploads\/2026\/01\/2-9.jpg 300w, https:\/\/www.destinytedarik.com\/wp-content\/uploads\/2026\/01\/2-9-150x150.jpg 150w\" sizes=\"(max-width: 300px) 100vw, 300px\" \/>\t\t\t\t\t\t\t\t\t\t\t<figcaption class=\"widget-image-caption wp-caption-text\"><\/figcaption>\n\t\t\t\t\t\t\t\t\t\t<\/figure>\n\t\t\t\t\t\t\t\t\t<\/div>\n\t\t\t\t<div class=\"elementor-element elementor-element-9909e94 elementor-widget elementor-widget-heading\" data-id=\"9909e94\" data-element_type=\"widget\" data-e-type=\"widget\" data-widget_type=\"heading.default\">\n\t\t\t\t\t<h2 class=\"elementor-heading-title elementor-size-default\">Dezenfektanlar<\/h2>\t\t\t\t<\/div>\n\t\t\t\t<\/div>\n\t\t\t\t<\/div>\n\t\t\t\t\t<\/div>\n\t\t\t\t<\/div>\n\t\t\t\t<\/div>\n\t\t","protected":false},"excerpt":{"rendered":"<p>H\u0130JYEN \u00dcR\u00dcNLER\u0130 GRUBU Eldivenler Boneler &amp; Maskeler &amp; Kepler Kolluklar &amp; Galo\u015flar \u00d6nl\u00fckler Hijyenik \u00dcr\u00fcn Dispenserleri Kolonyal\u0131 Mendiller T\u0131bbi At\u0131k Kovalar\u0131 Dezenfektanlar<\/p>\n","protected":false},"author":1,"featured_media":0,"parent":0,"menu_order":0,"comment_status":"closed","ping_status":"closed","template":"","meta":{"footnotes":""},"class_list":["post-593","page","type-page","status-publish","hentry"],"blocksy_meta":[],"_links":{"self":[{"href":"https:\/\/www.destinytedarik.com\/index.php\/wp-json\/wp\/v2\/pages\/593","targetHints":{"allow":["GET"]}}],"collection":[{"href":"https:\/\/www.destinytedarik.com\/index.php\/wp-json\/wp\/v2\/pages"}],"about":[{"href":"https:\/\/www.destinytedarik.com\/index.php\/wp-json\/wp\/v2\/types\/page"}],"author":[{"embeddable":true,"href":"https:\/\/www.destinytedarik.com\/index.php\/wp-json\/wp\/v2\/users\/1"}],"replies":[{"embeddable":true,"href":"https:\/\/www.destinytedarik.com\/index.php\/wp-json\/wp\/v2\/comments?post=593"}],"version-history":[{"count":0,"href":"https:\/\/www.destinytedarik.com\/index.php\/wp-json\/wp\/v2\/pages\/593\/revisions"}],"wp:attachment":[{"href":"https:\/\/www.destinytedarik.com\/index.php\/wp-json\/wp\/v2\/media?parent=593"}],"curies":[{"name":"wp","href":"https:\/\/api.w.org\/{rel}","templated":true}]}}