{"id":575,"date":"2026-01-06T18:29:40","date_gmt":"2026-01-06T18:29:40","guid":{"rendered":"https:\/\/www.destinytedarik.com\/?page_id=575"},"modified":"2026-03-05T11:27:56","modified_gmt":"2026-03-05T11:27:56","slug":"temizlik-kimyasallari","status":"publish","type":"page","link":"https:\/\/www.destinytedarik.com\/index.php\/temizlik-kimyasallari\/","title":{"rendered":"TEM\u0130ZL\u0130K K\u0130MYASALLARI &amp; \u00dcR\u00dcNLER\u0130"},"content":{"rendered":"\t\t<div data-elementor-type=\"wp-page\" data-elementor-id=\"575\" class=\"elementor elementor-575\" data-elementor-post-type=\"page\">\n\t\t\t\t<div class=\"elementor-element elementor-element-a861e5e e-flex e-con-boxed e-con e-parent\" data-id=\"a861e5e\" data-element_type=\"container\" data-e-type=\"container\">\n\t\t\t\t\t<div class=\"e-con-inner\">\n\t\t\t\t<div class=\"elementor-element elementor-element-664aae0 elementor-widget elementor-widget-heading\" data-id=\"664aae0\" data-element_type=\"widget\" data-e-type=\"widget\" data-widget_type=\"heading.default\">\n\t\t\t\t\t<h2 class=\"elementor-heading-title elementor-size-default\">TEM\u0130ZL\u0130K K\u0130MYASALLARI &amp; \u00dcR\u00dcNLER\u0130\n<\/h2>\t\t\t\t<\/div>\n\t\t\t\t\t<\/div>\n\t\t\t\t<\/div>\n\t\t<div class=\"elementor-element elementor-element-cb3da39 e-flex e-con-boxed e-con e-parent\" data-id=\"cb3da39\" data-element_type=\"container\" data-e-type=\"container\">\n\t\t\t\t\t<div class=\"e-con-inner\">\n\t\t<div class=\"elementor-element elementor-element-bf4b98f e-con-full e-flex e-con e-child\" data-id=\"bf4b98f\" data-element_type=\"container\" data-e-type=\"container\">\n\t\t<div class=\"elementor-element elementor-element-30c88a4 e-con-full e-flex e-con e-child\" data-id=\"30c88a4\" data-element_type=\"container\" data-e-type=\"container\">\n\t\t\t\t<div class=\"elementor-element elementor-element-3fd0be6 elementor-widget elementor-widget-image\" data-id=\"3fd0be6\" data-element_type=\"widget\" data-e-type=\"widget\" data-widget_type=\"image.default\">\n\t\t\t\t\t\t\t\t\t\t\t\t<figure class=\"wp-caption\">\n\t\t\t\t\t\t\t\t\t\t<img fetchpriority=\"high\" decoding=\"async\" width=\"300\" height=\"300\" src=\"https:\/\/www.destinytedarik.com\/wp-content\/uploads\/2026\/01\/Adsiz-tasarim-16-300x300.jpg\" class=\"attachment-medium size-medium wp-image-945\" alt=\"\" srcset=\"https:\/\/www.destinytedarik.com\/wp-content\/uploads\/2026\/01\/Adsiz-tasarim-16-300x300.jpg 300w, https:\/\/www.destinytedarik.com\/wp-content\/uploads\/2026\/01\/Adsiz-tasarim-16-1024x1024.jpg 1024w, https:\/\/www.destinytedarik.com\/wp-content\/uploads\/2026\/01\/Adsiz-tasarim-16-150x150.jpg 150w, https:\/\/www.destinytedarik.com\/wp-content\/uploads\/2026\/01\/Adsiz-tasarim-16-768x768.jpg 768w, https:\/\/www.destinytedarik.com\/wp-content\/uploads\/2026\/01\/Adsiz-tasarim-16.jpg 1500w\" sizes=\"(max-width: 300px) 100vw, 300px\" \/>\t\t\t\t\t\t\t\t\t\t\t<figcaption class=\"widget-image-caption wp-caption-text\"><\/figcaption>\n\t\t\t\t\t\t\t\t\t\t<\/figure>\n\t\t\t\t\t\t\t\t\t<\/div>\n\t\t\t\t<div class=\"elementor-element elementor-element-d4ac63f elementor-widget elementor-widget-heading\" data-id=\"d4ac63f\" data-element_type=\"widget\" data-e-type=\"widget\" data-widget_type=\"heading.default\">\n\t\t\t\t\t<h2 class=\"elementor-heading-title elementor-size-default\">Bula\u015f\u0131k Deterjanlar\u0131<\/h2>\t\t\t\t<\/div>\n\t\t\t\t<\/div>\n\t\t<div class=\"elementor-element elementor-element-4484926 e-con-full e-flex e-con e-child\" data-id=\"4484926\" data-element_type=\"container\" data-e-type=\"container\">\n\t\t\t\t<div class=\"elementor-element elementor-element-15dea04 elementor-widget elementor-widget-image\" data-id=\"15dea04\" data-element_type=\"widget\" data-e-type=\"widget\" data-widget_type=\"image.default\">\n\t\t\t\t\t\t\t\t\t\t\t\t<figure class=\"wp-caption\">\n\t\t\t\t\t\t\t\t\t\t<img decoding=\"async\" width=\"300\" height=\"300\" src=\"https:\/\/www.destinytedarik.com\/wp-content\/uploads\/2026\/01\/deterjan.jpg\" class=\"attachment-medium size-medium wp-image-1604\" alt=\"\" srcset=\"https:\/\/www.destinytedarik.com\/wp-content\/uploads\/2026\/01\/deterjan.jpg 300w, https:\/\/www.destinytedarik.com\/wp-content\/uploads\/2026\/01\/deterjan-150x150.jpg 150w\" sizes=\"(max-width: 300px) 100vw, 300px\" \/>\t\t\t\t\t\t\t\t\t\t\t<figcaption class=\"widget-image-caption wp-caption-text\"><\/figcaption>\n\t\t\t\t\t\t\t\t\t\t<\/figure>\n\t\t\t\t\t\t\t\t\t<\/div>\n\t\t\t\t<div class=\"elementor-element elementor-element-3e2aa0d elementor-widget elementor-widget-heading\" data-id=\"3e2aa0d\" data-element_type=\"widget\" data-e-type=\"widget\" data-widget_type=\"heading.default\">\n\t\t\t\t\t<h2 class=\"elementor-heading-title elementor-size-default\">\u00c7ama\u015f\u0131r Deterjanlar\u0131<\/h2>\t\t\t\t<\/div>\n\t\t\t\t<\/div>\n\t\t<div class=\"elementor-element elementor-element-0efe8d8 e-con-full e-flex e-con e-child\" data-id=\"0efe8d8\" data-element_type=\"container\" data-e-type=\"container\">\n\t\t\t\t<div class=\"elementor-element elementor-element-dc0c4d1 elementor-widget elementor-widget-image\" data-id=\"dc0c4d1\" data-element_type=\"widget\" data-e-type=\"widget\" data-widget_type=\"image.default\">\n\t\t\t\t\t\t\t\t\t\t\t\t<figure class=\"wp-caption\">\n\t\t\t\t\t\t\t\t\t\t<img decoding=\"async\" width=\"300\" height=\"300\" src=\"https:\/\/www.destinytedarik.com\/wp-content\/uploads\/2026\/01\/Adsiz-tasarim-12-300x300.jpg\" class=\"attachment-medium size-medium wp-image-941\" alt=\"\" srcset=\"https:\/\/www.destinytedarik.com\/wp-content\/uploads\/2026\/01\/Adsiz-tasarim-12-300x300.jpg 300w, https:\/\/www.destinytedarik.com\/wp-content\/uploads\/2026\/01\/Adsiz-tasarim-12-1024x1024.jpg 1024w, https:\/\/www.destinytedarik.com\/wp-content\/uploads\/2026\/01\/Adsiz-tasarim-12-150x150.jpg 150w, https:\/\/www.destinytedarik.com\/wp-content\/uploads\/2026\/01\/Adsiz-tasarim-12-768x768.jpg 768w, https:\/\/www.destinytedarik.com\/wp-content\/uploads\/2026\/01\/Adsiz-tasarim-12.jpg 1500w\" sizes=\"(max-width: 300px) 100vw, 300px\" \/>\t\t\t\t\t\t\t\t\t\t\t<figcaption class=\"widget-image-caption wp-caption-text\"><\/figcaption>\n\t\t\t\t\t\t\t\t\t\t<\/figure>\n\t\t\t\t\t\t\t\t\t<\/div>\n\t\t\t\t<div class=\"elementor-element elementor-element-a475a2e elementor-widget elementor-widget-heading\" data-id=\"a475a2e\" data-element_type=\"widget\" data-e-type=\"widget\" data-widget_type=\"heading.default\">\n\t\t\t\t\t<h2 class=\"elementor-heading-title elementor-size-default\">Y\u00fczey &amp; Genel Temizlik Kimyasallar\u0131<\/h2>\t\t\t\t<\/div>\n\t\t\t\t<\/div>\n\t\t\t\t<\/div>\n\t\t\t\t\t<\/div>\n\t\t\t\t<\/div>\n\t\t<div class=\"elementor-element elementor-element-78aa5b2 e-flex e-con-boxed e-con e-parent\" data-id=\"78aa5b2\" data-element_type=\"container\" data-e-type=\"container\">\n\t\t\t\t\t<div class=\"e-con-inner\">\n\t\t<div class=\"elementor-element elementor-element-8eeeca7 e-con-full e-flex e-con e-child\" data-id=\"8eeeca7\" data-element_type=\"container\" data-e-type=\"container\">\n\t\t<div class=\"elementor-element elementor-element-f33f774 e-con-full e-flex e-con e-child\" data-id=\"f33f774\" data-element_type=\"container\" data-e-type=\"container\">\n\t\t\t\t<div class=\"elementor-element elementor-element-704c661 elementor-widget elementor-widget-image\" data-id=\"704c661\" data-element_type=\"widget\" data-e-type=\"widget\" data-widget_type=\"image.default\">\n\t\t\t\t\t\t\t\t\t\t\t\t<figure class=\"wp-caption\">\n\t\t\t\t\t\t\t\t\t\t<img loading=\"lazy\" decoding=\"async\" width=\"300\" height=\"300\" src=\"https:\/\/www.destinytedarik.com\/wp-content\/uploads\/2026\/01\/Adsiz-tasarim-20.jpg\" class=\"attachment-medium size-medium wp-image-953\" alt=\"\" srcset=\"https:\/\/www.destinytedarik.com\/wp-content\/uploads\/2026\/01\/Adsiz-tasarim-20.jpg 300w, https:\/\/www.destinytedarik.com\/wp-content\/uploads\/2026\/01\/Adsiz-tasarim-20-150x150.jpg 150w\" sizes=\"(max-width: 300px) 100vw, 300px\" \/>\t\t\t\t\t\t\t\t\t\t\t<figcaption class=\"widget-image-caption wp-caption-text\"><\/figcaption>\n\t\t\t\t\t\t\t\t\t\t<\/figure>\n\t\t\t\t\t\t\t\t\t<\/div>\n\t\t\t\t<div class=\"elementor-element elementor-element-ae9f8c5 elementor-widget elementor-widget-heading\" data-id=\"ae9f8c5\" data-element_type=\"widget\" data-e-type=\"widget\" data-widget_type=\"heading.default\">\n\t\t\t\t\t<h2 class=\"elementor-heading-title elementor-size-default\">Kire\u00e7 &amp; Pas S\u00f6k\u00fcc\u00fcler<\/h2>\t\t\t\t<\/div>\n\t\t\t\t<\/div>\n\t\t<div class=\"elementor-element elementor-element-65c44d7 e-con-full e-flex e-con e-child\" data-id=\"65c44d7\" data-element_type=\"container\" data-e-type=\"container\">\n\t\t\t\t<div class=\"elementor-element elementor-element-15465fb elementor-widget elementor-widget-image\" data-id=\"15465fb\" data-element_type=\"widget\" data-e-type=\"widget\" data-widget_type=\"image.default\">\n\t\t\t\t\t\t\t\t\t\t\t\t<figure class=\"wp-caption\">\n\t\t\t\t\t\t\t\t\t\t<img loading=\"lazy\" decoding=\"async\" width=\"300\" height=\"300\" src=\"https:\/\/www.destinytedarik.com\/wp-content\/uploads\/2026\/01\/Adsiz-tasarim-17-300x300.jpg\" class=\"attachment-medium size-medium wp-image-949\" alt=\"\" srcset=\"https:\/\/www.destinytedarik.com\/wp-content\/uploads\/2026\/01\/Adsiz-tasarim-17-300x300.jpg 300w, https:\/\/www.destinytedarik.com\/wp-content\/uploads\/2026\/01\/Adsiz-tasarim-17-150x150.jpg 150w, https:\/\/www.destinytedarik.com\/wp-content\/uploads\/2026\/01\/Adsiz-tasarim-17.jpg 750w\" sizes=\"(max-width: 300px) 100vw, 300px\" \/>\t\t\t\t\t\t\t\t\t\t\t<figcaption class=\"widget-image-caption wp-caption-text\"><\/figcaption>\n\t\t\t\t\t\t\t\t\t\t<\/figure>\n\t\t\t\t\t\t\t\t\t<\/div>\n\t\t\t\t<div class=\"elementor-element elementor-element-ae9c31b elementor-widget elementor-widget-heading\" data-id=\"ae9c31b\" data-element_type=\"widget\" data-e-type=\"widget\" data-widget_type=\"heading.default\">\n\t\t\t\t\t<h2 class=\"elementor-heading-title elementor-size-default\">Ya\u011f, Kir &amp; Leke S\u00f6k\u00fcc\u00fcler<\/h2>\t\t\t\t<\/div>\n\t\t\t\t<\/div>\n\t\t<div class=\"elementor-element elementor-element-9fe1a44 e-con-full e-flex e-con e-child\" data-id=\"9fe1a44\" data-element_type=\"container\" data-e-type=\"container\">\n\t\t\t\t<div class=\"elementor-element elementor-element-33a9ae0 elementor-widget elementor-widget-image\" data-id=\"33a9ae0\" data-element_type=\"widget\" data-e-type=\"widget\" data-widget_type=\"image.default\">\n\t\t\t\t\t\t\t\t\t\t\t\t<figure class=\"wp-caption\">\n\t\t\t\t\t\t\t\t\t\t<img loading=\"lazy\" decoding=\"async\" width=\"300\" height=\"300\" src=\"https:\/\/www.destinytedarik.com\/wp-content\/uploads\/2026\/01\/Adsiz-tasarim-14-300x300.jpg\" class=\"attachment-medium size-medium wp-image-943\" alt=\"\" srcset=\"https:\/\/www.destinytedarik.com\/wp-content\/uploads\/2026\/01\/Adsiz-tasarim-14-300x300.jpg 300w, https:\/\/www.destinytedarik.com\/wp-content\/uploads\/2026\/01\/Adsiz-tasarim-14-1024x1024.jpg 1024w, https:\/\/www.destinytedarik.com\/wp-content\/uploads\/2026\/01\/Adsiz-tasarim-14-150x150.jpg 150w, https:\/\/www.destinytedarik.com\/wp-content\/uploads\/2026\/01\/Adsiz-tasarim-14-768x768.jpg 768w, https:\/\/www.destinytedarik.com\/wp-content\/uploads\/2026\/01\/Adsiz-tasarim-14.jpg 1500w\" sizes=\"(max-width: 300px) 100vw, 300px\" \/>\t\t\t\t\t\t\t\t\t\t\t<figcaption class=\"widget-image-caption wp-caption-text\"><\/figcaption>\n\t\t\t\t\t\t\t\t\t\t<\/figure>\n\t\t\t\t\t\t\t\t\t<\/div>\n\t\t\t\t<div class=\"elementor-element elementor-element-aef0840 elementor-widget elementor-widget-heading\" data-id=\"aef0840\" data-element_type=\"widget\" data-e-type=\"widget\" data-widget_type=\"heading.default\">\n\t\t\t\t\t<h2 class=\"elementor-heading-title elementor-size-default\">\u00c7ama\u015f\u0131r Sular\u0131<\/h2>\t\t\t\t<\/div>\n\t\t\t\t<\/div>\n\t\t\t\t<\/div>\n\t\t\t\t\t<\/div>\n\t\t\t\t<\/div>\n\t\t<div class=\"elementor-element elementor-element-ea23126 e-flex e-con-boxed e-con e-parent\" data-id=\"ea23126\" data-element_type=\"container\" data-e-type=\"container\">\n\t\t\t\t\t<div class=\"e-con-inner\">\n\t\t<div class=\"elementor-element elementor-element-bc24141 e-con-full e-flex e-con e-child\" data-id=\"bc24141\" data-element_type=\"container\" data-e-type=\"container\">\n\t\t<div class=\"elementor-element elementor-element-5587f32 e-con-full e-flex e-con e-child\" data-id=\"5587f32\" data-element_type=\"container\" data-e-type=\"container\">\n\t\t\t\t<div class=\"elementor-element elementor-element-32315db elementor-widget elementor-widget-image\" data-id=\"32315db\" data-element_type=\"widget\" data-e-type=\"widget\" data-widget_type=\"image.default\">\n\t\t\t\t\t\t\t\t\t\t\t\t<figure class=\"wp-caption\">\n\t\t\t\t\t\t\t\t\t\t<img loading=\"lazy\" decoding=\"async\" width=\"300\" height=\"300\" src=\"https:\/\/www.destinytedarik.com\/wp-content\/uploads\/2026\/01\/1-16.jpg\" class=\"attachment-medium size-medium wp-image-1276\" alt=\"\" srcset=\"https:\/\/www.destinytedarik.com\/wp-content\/uploads\/2026\/01\/1-16.jpg 300w, https:\/\/www.destinytedarik.com\/wp-content\/uploads\/2026\/01\/1-16-150x150.jpg 150w\" sizes=\"(max-width: 300px) 100vw, 300px\" \/>\t\t\t\t\t\t\t\t\t\t\t<figcaption class=\"widget-image-caption wp-caption-text\"><\/figcaption>\n\t\t\t\t\t\t\t\t\t\t<\/figure>\n\t\t\t\t\t\t\t\t\t<\/div>\n\t\t\t\t<div class=\"elementor-element elementor-element-859a65c elementor-widget elementor-widget-heading\" data-id=\"859a65c\" data-element_type=\"widget\" data-e-type=\"widget\" data-widget_type=\"heading.default\">\n\t\t\t\t\t<h2 class=\"elementor-heading-title elementor-size-default\">Havuz Kimyasallar\u0131<\/h2>\t\t\t\t<\/div>\n\t\t\t\t<\/div>\n\t\t<div class=\"elementor-element elementor-element-bf38781 e-con-full e-flex e-con e-child\" data-id=\"bf38781\" data-element_type=\"container\" data-e-type=\"container\">\n\t\t\t\t<div class=\"elementor-element elementor-element-107a465 elementor-widget elementor-widget-image\" data-id=\"107a465\" data-element_type=\"widget\" data-e-type=\"widget\" data-widget_type=\"image.default\">\n\t\t\t\t\t\t\t\t\t\t\t\t<figure class=\"wp-caption\">\n\t\t\t\t\t\t\t\t\t\t<img loading=\"lazy\" decoding=\"async\" width=\"300\" height=\"300\" src=\"https:\/\/www.destinytedarik.com\/wp-content\/uploads\/2026\/01\/Adsiz-tasarim-11-300x300.jpg\" class=\"attachment-medium size-medium wp-image-940\" alt=\"\" srcset=\"https:\/\/www.destinytedarik.com\/wp-content\/uploads\/2026\/01\/Adsiz-tasarim-11-300x300.jpg 300w, https:\/\/www.destinytedarik.com\/wp-content\/uploads\/2026\/01\/Adsiz-tasarim-11-1024x1024.jpg 1024w, https:\/\/www.destinytedarik.com\/wp-content\/uploads\/2026\/01\/Adsiz-tasarim-11-150x150.jpg 150w, https:\/\/www.destinytedarik.com\/wp-content\/uploads\/2026\/01\/Adsiz-tasarim-11-768x768.jpg 768w, https:\/\/www.destinytedarik.com\/wp-content\/uploads\/2026\/01\/Adsiz-tasarim-11.jpg 1500w\" sizes=\"(max-width: 300px) 100vw, 300px\" \/>\t\t\t\t\t\t\t\t\t\t\t<figcaption class=\"widget-image-caption wp-caption-text\"><\/figcaption>\n\t\t\t\t\t\t\t\t\t\t<\/figure>\n\t\t\t\t\t\t\t\t\t<\/div>\n\t\t\t\t<div class=\"elementor-element elementor-element-b91a442 elementor-widget elementor-widget-heading\" data-id=\"b91a442\" data-element_type=\"widget\" data-e-type=\"widget\" data-widget_type=\"heading.default\">\n\t\t\t\t\t<h2 class=\"elementor-heading-title elementor-size-default\">Sabunlar, S\u0131v\u0131 &amp; K\u00f6p\u00fck Sabunlar<\/h2>\t\t\t\t<\/div>\n\t\t\t\t<\/div>\n\t\t<div class=\"elementor-element elementor-element-ec3d8c8 e-con-full e-flex e-con e-child\" data-id=\"ec3d8c8\" data-element_type=\"container\" data-e-type=\"container\">\n\t\t\t\t<div class=\"elementor-element elementor-element-942ae78 elementor-widget elementor-widget-image\" data-id=\"942ae78\" data-element_type=\"widget\" data-e-type=\"widget\" data-widget_type=\"image.default\">\n\t\t\t\t\t\t\t\t\t\t\t\t<figure class=\"wp-caption\">\n\t\t\t\t\t\t\t\t\t\t<img loading=\"lazy\" decoding=\"async\" width=\"300\" height=\"300\" src=\"https:\/\/www.destinytedarik.com\/wp-content\/uploads\/2026\/01\/2.jpg\" class=\"attachment-medium size-medium wp-image-1605\" alt=\"\" srcset=\"https:\/\/www.destinytedarik.com\/wp-content\/uploads\/2026\/01\/2.jpg 300w, https:\/\/www.destinytedarik.com\/wp-content\/uploads\/2026\/01\/2-150x150.jpg 150w\" sizes=\"(max-width: 300px) 100vw, 300px\" \/>\t\t\t\t\t\t\t\t\t\t\t<figcaption class=\"widget-image-caption wp-caption-text\"><\/figcaption>\n\t\t\t\t\t\t\t\t\t\t<\/figure>\n\t\t\t\t\t\t\t\t\t<\/div>\n\t\t\t\t<div class=\"elementor-element elementor-element-a3b89db elementor-widget elementor-widget-heading\" data-id=\"a3b89db\" data-element_type=\"widget\" data-e-type=\"widget\" data-widget_type=\"heading.default\">\n\t\t\t\t\t<h2 class=\"elementor-heading-title elementor-size-default\">Gider &amp; Logar A\u00e7\u0131c\u0131 Kimyasallar<\/h2>\t\t\t\t<\/div>\n\t\t\t\t<\/div>\n\t\t\t\t<\/div>\n\t\t\t\t\t<\/div>\n\t\t\t\t<\/div>\n\t\t<div class=\"elementor-element elementor-element-0dc52f7 e-flex e-con-boxed e-con e-parent\" data-id=\"0dc52f7\" data-element_type=\"container\" data-e-type=\"container\">\n\t\t\t\t\t<div class=\"e-con-inner\">\n\t\t<div class=\"elementor-element elementor-element-f1d5eb9 e-con-full e-flex e-con e-child\" data-id=\"f1d5eb9\" data-element_type=\"container\" data-e-type=\"container\">\n\t\t<div class=\"elementor-element elementor-element-fe3a403 e-con-full e-flex e-con e-child\" data-id=\"fe3a403\" data-element_type=\"container\" data-e-type=\"container\">\n\t\t\t\t<div class=\"elementor-element elementor-element-c29c839 elementor-widget elementor-widget-image\" data-id=\"c29c839\" data-element_type=\"widget\" data-e-type=\"widget\" data-widget_type=\"image.default\">\n\t\t\t\t\t\t\t\t\t\t\t\t<figure class=\"wp-caption\">\n\t\t\t\t\t\t\t\t\t\t<img loading=\"lazy\" decoding=\"async\" width=\"300\" height=\"300\" src=\"https:\/\/www.destinytedarik.com\/wp-content\/uploads\/2026\/01\/kova.jpg\" class=\"attachment-medium size-medium wp-image-1576\" alt=\"\" srcset=\"https:\/\/www.destinytedarik.com\/wp-content\/uploads\/2026\/01\/kova.jpg 300w, https:\/\/www.destinytedarik.com\/wp-content\/uploads\/2026\/01\/kova-150x150.jpg 150w\" sizes=\"(max-width: 300px) 100vw, 300px\" \/>\t\t\t\t\t\t\t\t\t\t\t<figcaption class=\"widget-image-caption wp-caption-text\"><\/figcaption>\n\t\t\t\t\t\t\t\t\t\t<\/figure>\n\t\t\t\t\t\t\t\t\t<\/div>\n\t\t\t\t<div class=\"elementor-element elementor-element-95171f5 elementor-widget elementor-widget-heading\" data-id=\"95171f5\" data-element_type=\"widget\" data-e-type=\"widget\" data-widget_type=\"heading.default\">\n\t\t\t\t\t<h2 class=\"elementor-heading-title elementor-size-default\">Temizlik Bezleri, Setleri &amp; Kovalar\u0131<\/h2>\t\t\t\t<\/div>\n\t\t\t\t<\/div>\n\t\t<div class=\"elementor-element elementor-element-8ddbf14 e-con-full e-flex e-con e-child\" data-id=\"8ddbf14\" data-element_type=\"container\" data-e-type=\"container\">\n\t\t\t\t<div class=\"elementor-element elementor-element-d7e7ad5 elementor-widget elementor-widget-image\" data-id=\"d7e7ad5\" data-element_type=\"widget\" data-e-type=\"widget\" data-widget_type=\"image.default\">\n\t\t\t\t\t\t\t\t\t\t\t\t<figure class=\"wp-caption\">\n\t\t\t\t\t\t\t\t\t\t<img loading=\"lazy\" decoding=\"async\" width=\"300\" height=\"300\" src=\"https:\/\/www.destinytedarik.com\/wp-content\/uploads\/2026\/01\/Adsiz-tasarim-26.jpg\" class=\"attachment-medium size-medium wp-image-959\" alt=\"\" srcset=\"https:\/\/www.destinytedarik.com\/wp-content\/uploads\/2026\/01\/Adsiz-tasarim-26.jpg 300w, https:\/\/www.destinytedarik.com\/wp-content\/uploads\/2026\/01\/Adsiz-tasarim-26-150x150.jpg 150w\" sizes=\"(max-width: 300px) 100vw, 300px\" \/>\t\t\t\t\t\t\t\t\t\t\t<figcaption class=\"widget-image-caption wp-caption-text\"><\/figcaption>\n\t\t\t\t\t\t\t\t\t\t<\/figure>\n\t\t\t\t\t\t\t\t\t<\/div>\n\t\t\t\t<div class=\"elementor-element elementor-element-c2ac853 elementor-widget elementor-widget-heading\" data-id=\"c2ac853\" data-element_type=\"widget\" data-e-type=\"widget\" data-widget_type=\"heading.default\">\n\t\t\t\t\t<h2 class=\"elementor-heading-title elementor-size-default\">Temizlik Moplar\u0131 &amp; Aparatlar\u0131<\/h2>\t\t\t\t<\/div>\n\t\t\t\t<\/div>\n\t\t<div class=\"elementor-element elementor-element-d7ea118 e-con-full e-flex e-con e-child\" data-id=\"d7ea118\" data-element_type=\"container\" data-e-type=\"container\">\n\t\t\t\t<div class=\"elementor-element elementor-element-f8d653d elementor-widget elementor-widget-image\" data-id=\"f8d653d\" data-element_type=\"widget\" data-e-type=\"widget\" data-widget_type=\"image.default\">\n\t\t\t\t\t\t\t\t\t\t\t\t<figure class=\"wp-caption\">\n\t\t\t\t\t\t\t\t\t\t<img loading=\"lazy\" decoding=\"async\" width=\"300\" height=\"300\" src=\"https:\/\/www.destinytedarik.com\/wp-content\/uploads\/2026\/01\/2-5.jpg\" class=\"attachment-medium size-medium wp-image-1279\" alt=\"\" srcset=\"https:\/\/www.destinytedarik.com\/wp-content\/uploads\/2026\/01\/2-5.jpg 300w, https:\/\/www.destinytedarik.com\/wp-content\/uploads\/2026\/01\/2-5-150x150.jpg 150w\" sizes=\"(max-width: 300px) 100vw, 300px\" \/>\t\t\t\t\t\t\t\t\t\t\t<figcaption class=\"widget-image-caption wp-caption-text\"><\/figcaption>\n\t\t\t\t\t\t\t\t\t\t<\/figure>\n\t\t\t\t\t\t\t\t\t<\/div>\n\t\t\t\t<div class=\"elementor-element elementor-element-60c59e9 elementor-widget elementor-widget-heading\" data-id=\"60c59e9\" data-element_type=\"widget\" data-e-type=\"widget\" data-widget_type=\"heading.default\">\n\t\t\t\t\t<h2 class=\"elementor-heading-title elementor-size-default\">Temizlik Malzemeleri &amp; Gere\u00e7leri<\/h2>\t\t\t\t<\/div>\n\t\t\t\t<\/div>\n\t\t\t\t<\/div>\n\t\t\t\t\t<\/div>\n\t\t\t\t<\/div>\n\t\t\t\t<\/div>\n\t\t","protected":false},"excerpt":{"rendered":"<p>TEM\u0130ZL\u0130K K\u0130MYASALLARI &amp; \u00dcR\u00dcNLER\u0130 Bula\u015f\u0131k Deterjanlar\u0131 \u00c7ama\u015f\u0131r Deterjanlar\u0131 Y\u00fczey &amp; Genel Temizlik Kimyasallar\u0131 Kire\u00e7 &amp; Pas S\u00f6k\u00fcc\u00fcler Ya\u011f, Kir &amp; Leke S\u00f6k\u00fcc\u00fcler \u00c7ama\u015f\u0131r Sular\u0131 Havuz Kimyasallar\u0131 Sabunlar, S\u0131v\u0131 &amp; K\u00f6p\u00fck Sabunlar Gider &amp; Logar A\u00e7\u0131c\u0131 Kimyasallar Temizlik Bezleri, Setleri &amp; Kovalar\u0131 Temizlik Moplar\u0131 &amp; Aparatlar\u0131 Temizlik Malzemeleri &amp; Gere\u00e7leri<\/p>\n","protected":false},"author":1,"featured_media":0,"parent":0,"menu_order":0,"comment_status":"closed","ping_status":"closed","template":"","meta":{"footnotes":""},"class_list":["post-575","page","type-page","status-publish","hentry"],"blocksy_meta":[],"_links":{"self":[{"href":"https:\/\/www.destinytedarik.com\/index.php\/wp-json\/wp\/v2\/pages\/575","targetHints":{"allow":["GET"]}}],"collection":[{"href":"https:\/\/www.destinytedarik.com\/index.php\/wp-json\/wp\/v2\/pages"}],"about":[{"href":"https:\/\/www.destinytedarik.com\/index.php\/wp-json\/wp\/v2\/types\/page"}],"author":[{"embeddable":true,"href":"https:\/\/www.destinytedarik.com\/index.php\/wp-json\/wp\/v2\/users\/1"}],"replies":[{"embeddable":true,"href":"https:\/\/www.destinytedarik.com\/index.php\/wp-json\/wp\/v2\/comments?post=575"}],"version-history":[{"count":0,"href":"https:\/\/www.destinytedarik.com\/index.php\/wp-json\/wp\/v2\/pages\/575\/revisions"}],"wp:attachment":[{"href":"https:\/\/www.destinytedarik.com\/index.php\/wp-json\/wp\/v2\/media?parent=575"}],"curies":[{"name":"wp","href":"https:\/\/api.w.org\/{rel}","templated":true}]}}