{"id":54,"date":"2025-12-30T08:20:56","date_gmt":"2025-12-30T08:20:56","guid":{"rendered":"https:\/\/www.destinytedarik.com\/?page_id=54"},"modified":"2026-03-05T11:44:25","modified_gmt":"2026-03-05T11:44:25","slug":"urun-kategorilerimiz","status":"publish","type":"page","link":"https:\/\/www.destinytedarik.com\/index.php\/urun-kategorilerimiz\/","title":{"rendered":"\u00dcR\u00dcN KATEGOR\u0130LER\u0130M\u0130Z"},"content":{"rendered":"\t\t<div data-elementor-type=\"wp-page\" data-elementor-id=\"54\" class=\"elementor elementor-54\" data-elementor-post-type=\"page\">\n\t\t\t\t<div class=\"elementor-element elementor-element-730c850 e-flex e-con-boxed e-con e-parent\" data-id=\"730c850\" data-element_type=\"container\" data-e-type=\"container\">\n\t\t\t\t\t<div class=\"e-con-inner\">\n\t\t\t\t<div class=\"elementor-element elementor-element-9947c5c elementor-widget elementor-widget-heading\" data-id=\"9947c5c\" data-element_type=\"widget\" data-e-type=\"widget\" data-widget_type=\"heading.default\">\n\t\t\t\t\t<h2 class=\"elementor-heading-title elementor-size-default\">\u00dcR\u00dcN KATEGOR\u0130LER\u0130M\u0130Z<\/h2>\t\t\t\t<\/div>\n\t\t\t\t\t<\/div>\n\t\t\t\t<\/div>\n\t\t<div class=\"elementor-element elementor-element-1d94afe e-flex e-con-boxed e-con e-parent\" data-id=\"1d94afe\" data-element_type=\"container\" data-e-type=\"container\">\n\t\t\t\t\t<div class=\"e-con-inner\">\n\t\t<div class=\"elementor-element elementor-element-f51546e e-con-full e-flex e-con e-child\" data-id=\"f51546e\" data-element_type=\"container\" data-e-type=\"container\">\n\t\t<div class=\"elementor-element elementor-element-cd9a64a e-con-full e-flex e-con e-child\" data-id=\"cd9a64a\" data-element_type=\"container\" data-e-type=\"container\">\n\t\t\t\t<div class=\"elementor-element elementor-element-7f937d1 elementor-widget elementor-widget-image\" data-id=\"7f937d1\" data-element_type=\"widget\" data-e-type=\"widget\" data-widget_type=\"image.default\">\n\t\t\t\t\t\t\t\t\t\t\t\t<figure class=\"wp-caption\">\n\t\t\t\t\t\t\t\t\t\t\t<a href=\"https:\/\/www.destinytedarik.com\/index.php\/sarf-malzemeleri\/\">\n\t\t\t\t\t\t\t<img decoding=\"async\" src=\"https:\/\/www.destinytedarik.com\/wp-content\/uploads\/2026\/01\/1-20.jpg\" title=\"1\" alt=\"1\" loading=\"lazy\" \/>\t\t\t\t\t\t\t\t<\/a>\n\t\t\t\t\t\t\t\t\t\t\t<figcaption class=\"widget-image-caption wp-caption-text\"><\/figcaption>\n\t\t\t\t\t\t\t\t\t\t<\/figure>\n\t\t\t\t\t\t\t\t\t<\/div>\n\t\t\t\t<div class=\"elementor-element elementor-element-1adb071 elementor-widget elementor-widget-heading\" data-id=\"1adb071\" data-element_type=\"widget\" data-e-type=\"widget\" data-widget_type=\"heading.default\">\n\t\t\t\t\t<h2 class=\"elementor-heading-title elementor-size-default\"><a href=\"https:\/\/www.destinytedarik.com\/index.php\/sarf-malzemeleri\/\">KA\u011eIT GRUBU<\/a><\/h2>\t\t\t\t<\/div>\n\t\t\t\t<\/div>\n\t\t<div class=\"elementor-element elementor-element-635648d e-con-full e-flex e-con e-child\" data-id=\"635648d\" data-element_type=\"container\" data-e-type=\"container\">\n\t\t\t\t<div class=\"elementor-element elementor-element-4ae30f5 elementor-widget elementor-widget-image\" data-id=\"4ae30f5\" data-element_type=\"widget\" data-e-type=\"widget\" data-widget_type=\"image.default\">\n\t\t\t\t\t\t\t\t\t\t\t\t<figure class=\"wp-caption\">\n\t\t\t\t\t\t\t\t\t\t\t<a href=\"https:\/\/www.destinytedarik.com\/index.php\/temizlik-kimyasallari\/\">\n\t\t\t\t\t\t\t<img decoding=\"async\" src=\"https:\/\/www.destinytedarik.com\/wp-content\/uploads\/2026\/01\/chem2.jpg\" title=\"chem2\" alt=\"chem2\" loading=\"lazy\" \/>\t\t\t\t\t\t\t\t<\/a>\n\t\t\t\t\t\t\t\t\t\t\t<figcaption class=\"widget-image-caption wp-caption-text\"><\/figcaption>\n\t\t\t\t\t\t\t\t\t\t<\/figure>\n\t\t\t\t\t\t\t\t\t<\/div>\n\t\t\t\t<div class=\"elementor-element elementor-element-cb062bc elementor-widget elementor-widget-heading\" data-id=\"cb062bc\" data-element_type=\"widget\" data-e-type=\"widget\" data-widget_type=\"heading.default\">\n\t\t\t\t\t<h2 class=\"elementor-heading-title elementor-size-default\"><a href=\"https:\/\/www.destinytedarik.com\/index.php\/temizlik-kimyasallari\/\">TEM\u0130ZL\u0130K K\u0130MYASALLARI &amp; \u00dcR\u00dcNLER\u0130\n<\/a><\/h2>\t\t\t\t<\/div>\n\t\t\t\t<\/div>\n\t\t<div class=\"elementor-element elementor-element-116cbc2 e-con-full e-flex e-con e-child\" data-id=\"116cbc2\" data-element_type=\"container\" data-e-type=\"container\">\n\t\t\t\t<div class=\"elementor-element elementor-element-df5d079 elementor-widget elementor-widget-image\" data-id=\"df5d079\" data-element_type=\"widget\" data-e-type=\"widget\" data-widget_type=\"image.default\">\n\t\t\t\t\t\t\t\t\t\t\t\t<figure class=\"wp-caption\">\n\t\t\t\t\t\t\t\t\t\t\t<a href=\"https:\/\/www.destinytedarik.com\/index.php\/ambalaj-sarf-malzemeleri\/\">\n\t\t\t\t\t\t\t<img decoding=\"async\" src=\"https:\/\/www.destinytedarik.com\/wp-content\/uploads\/2026\/01\/2-11.jpg\" title=\"2\" alt=\"2\" loading=\"lazy\" \/>\t\t\t\t\t\t\t\t<\/a>\n\t\t\t\t\t\t\t\t\t\t\t<figcaption class=\"widget-image-caption wp-caption-text\"><\/figcaption>\n\t\t\t\t\t\t\t\t\t\t<\/figure>\n\t\t\t\t\t\t\t\t\t<\/div>\n\t\t\t\t<div class=\"elementor-element elementor-element-72944d7 elementor-widget elementor-widget-heading\" data-id=\"72944d7\" data-element_type=\"widget\" data-e-type=\"widget\" data-widget_type=\"heading.default\">\n\t\t\t\t\t<h2 class=\"elementor-heading-title elementor-size-default\"><a href=\"https:\/\/www.destinytedarik.com\/index.php\/ambalaj-sarf-malzemeleri\/\">AMBALAJ MALZEME GRUBU\n<\/a><\/h2>\t\t\t\t<\/div>\n\t\t\t\t<\/div>\n\t\t\t\t<\/div>\n\t\t\t\t\t<\/div>\n\t\t\t\t<\/div>\n\t\t<div class=\"elementor-element elementor-element-e77d15c e-flex e-con-boxed e-con e-parent\" data-id=\"e77d15c\" data-element_type=\"container\" data-e-type=\"container\">\n\t\t\t\t\t<div class=\"e-con-inner\">\n\t\t<div class=\"elementor-element elementor-element-d2cd58c e-con-full e-flex e-con e-child\" data-id=\"d2cd58c\" data-element_type=\"container\" data-e-type=\"container\">\n\t\t<div class=\"elementor-element elementor-element-903bace e-con-full e-flex e-con e-child\" data-id=\"903bace\" data-element_type=\"container\" data-e-type=\"container\">\n\t\t\t\t<div class=\"elementor-element elementor-element-8aa5f79 elementor-widget elementor-widget-image\" data-id=\"8aa5f79\" data-element_type=\"widget\" data-e-type=\"widget\" data-widget_type=\"image.default\">\n\t\t\t\t\t\t\t\t\t\t\t\t<figure class=\"wp-caption\">\n\t\t\t\t\t\t\t\t\t\t\t<a href=\"https:\/\/www.destinytedarik.com\/index.php\/sarf-malzeme-grubu\/\">\n\t\t\t\t\t\t\t<img decoding=\"async\" src=\"https:\/\/www.destinytedarik.com\/wp-content\/uploads\/2026\/01\/4-6.jpg\" title=\"4\" alt=\"4\" loading=\"lazy\" \/>\t\t\t\t\t\t\t\t<\/a>\n\t\t\t\t\t\t\t\t\t\t\t<figcaption class=\"widget-image-caption wp-caption-text\"><\/figcaption>\n\t\t\t\t\t\t\t\t\t\t<\/figure>\n\t\t\t\t\t\t\t\t\t<\/div>\n\t\t\t\t<div class=\"elementor-element elementor-element-5abe808 elementor-widget elementor-widget-heading\" data-id=\"5abe808\" data-element_type=\"widget\" data-e-type=\"widget\" data-widget_type=\"heading.default\">\n\t\t\t\t\t<h2 class=\"elementor-heading-title elementor-size-default\"><a href=\"https:\/\/www.destinytedarik.com\/index.php\/sarf-malzeme-grubu\/\">SARF MALZEME GRUBU\n<\/a><\/h2>\t\t\t\t<\/div>\n\t\t\t\t<\/div>\n\t\t<div class=\"elementor-element elementor-element-1c13399 e-con-full e-flex e-con e-child\" data-id=\"1c13399\" data-element_type=\"container\" data-e-type=\"container\">\n\t\t\t\t<div class=\"elementor-element elementor-element-ca75df1 elementor-widget elementor-widget-image\" data-id=\"ca75df1\" data-element_type=\"widget\" data-e-type=\"widget\" data-widget_type=\"image.default\">\n\t\t\t\t\t\t\t\t\t\t\t\t<figure class=\"wp-caption\">\n\t\t\t\t\t\t\t\t\t\t\t<a href=\"https:\/\/www.destinytedarik.com\/index.php\/gida-urunleri\/\">\n\t\t\t\t\t\t\t<img decoding=\"async\" src=\"https:\/\/www.destinytedarik.com\/wp-content\/uploads\/2026\/01\/1-7.jpg\" title=\"1\" alt=\"1\" loading=\"lazy\" \/>\t\t\t\t\t\t\t\t<\/a>\n\t\t\t\t\t\t\t\t\t\t\t<figcaption class=\"widget-image-caption wp-caption-text\"><\/figcaption>\n\t\t\t\t\t\t\t\t\t\t<\/figure>\n\t\t\t\t\t\t\t\t\t<\/div>\n\t\t\t\t<div class=\"elementor-element elementor-element-0951b5b elementor-widget elementor-widget-heading\" data-id=\"0951b5b\" data-element_type=\"widget\" data-e-type=\"widget\" data-widget_type=\"heading.default\">\n\t\t\t\t\t<h2 class=\"elementor-heading-title elementor-size-default\"><a href=\"https:\/\/www.destinytedarik.com\/index.php\/gida-urunleri\/\">GIDA &amp; \u0130\u00c7ECEK GRUBU\n<\/a><\/h2>\t\t\t\t<\/div>\n\t\t\t\t<\/div>\n\t\t<div class=\"elementor-element elementor-element-45fa0d0 e-con-full e-flex e-con e-child\" data-id=\"45fa0d0\" data-element_type=\"container\" data-e-type=\"container\">\n\t\t\t\t<div class=\"elementor-element elementor-element-09a21c8 elementor-widget elementor-widget-image\" data-id=\"09a21c8\" data-element_type=\"widget\" data-e-type=\"widget\" data-widget_type=\"image.default\">\n\t\t\t\t\t\t\t\t\t\t\t\t<figure class=\"wp-caption\">\n\t\t\t\t\t\t\t\t\t\t\t<a href=\"https:\/\/www.destinytedarik.com\/index.php\/hijyen-urunleri\/\">\n\t\t\t\t\t\t\t<img decoding=\"async\" src=\"https:\/\/www.destinytedarik.com\/wp-content\/uploads\/2026\/01\/5-3.jpg\" title=\"5\" alt=\"5\" loading=\"lazy\" \/>\t\t\t\t\t\t\t\t<\/a>\n\t\t\t\t\t\t\t\t\t\t\t<figcaption class=\"widget-image-caption wp-caption-text\"><\/figcaption>\n\t\t\t\t\t\t\t\t\t\t<\/figure>\n\t\t\t\t\t\t\t\t\t<\/div>\n\t\t\t\t<div class=\"elementor-element elementor-element-483d9a0 elementor-widget elementor-widget-heading\" data-id=\"483d9a0\" data-element_type=\"widget\" data-e-type=\"widget\" data-widget_type=\"heading.default\">\n\t\t\t\t\t<h2 class=\"elementor-heading-title elementor-size-default\"><a href=\"https:\/\/www.destinytedarik.com\/index.php\/hijyen-urunleri\/\">H\u0130JYEN \u00dcR\u00dcNLER\u0130 GRUBU\n<\/a><\/h2>\t\t\t\t<\/div>\n\t\t\t\t<\/div>\n\t\t\t\t<\/div>\n\t\t\t\t\t<\/div>\n\t\t\t\t<\/div>\n\t\t\t\t<\/div>\n\t\t","protected":false},"excerpt":{"rendered":"<p>\u00dcR\u00dcN KATEGOR\u0130LER\u0130M\u0130Z KA\u011eIT GRUBU TEM\u0130ZL\u0130K K\u0130MYASALLARI &amp; \u00dcR\u00dcNLER\u0130 AMBALAJ MALZEME GRUBU SARF MALZEME GRUBU GIDA &amp; \u0130\u00c7ECEK GRUBU H\u0130JYEN \u00dcR\u00dcNLER\u0130 GRUBU<\/p>\n","protected":false},"author":1,"featured_media":0,"parent":0,"menu_order":0,"comment_status":"closed","ping_status":"closed","template":"","meta":{"footnotes":""},"class_list":["post-54","page","type-page","status-publish","hentry"],"blocksy_meta":[],"_links":{"self":[{"href":"https:\/\/www.destinytedarik.com\/index.php\/wp-json\/wp\/v2\/pages\/54","targetHints":{"allow":["GET"]}}],"collection":[{"href":"https:\/\/www.destinytedarik.com\/index.php\/wp-json\/wp\/v2\/pages"}],"about":[{"href":"https:\/\/www.destinytedarik.com\/index.php\/wp-json\/wp\/v2\/types\/page"}],"author":[{"embeddable":true,"href":"https:\/\/www.destinytedarik.com\/index.php\/wp-json\/wp\/v2\/users\/1"}],"replies":[{"embeddable":true,"href":"https:\/\/www.destinytedarik.com\/index.php\/wp-json\/wp\/v2\/comments?post=54"}],"version-history":[{"count":0,"href":"https:\/\/www.destinytedarik.com\/index.php\/wp-json\/wp\/v2\/pages\/54\/revisions"}],"wp:attachment":[{"href":"https:\/\/www.destinytedarik.com\/index.php\/wp-json\/wp\/v2\/media?parent=54"}],"curies":[{"name":"wp","href":"https:\/\/api.w.org\/{rel}","templated":true}]}}