{"id":51,"date":"2025-12-30T08:20:10","date_gmt":"2025-12-30T08:20:10","guid":{"rendered":"https:\/\/www.destinytedarik.com\/?page_id=51"},"modified":"2026-01-14T21:21:32","modified_gmt":"2026-01-14T21:21:32","slug":"hakkimizda","status":"publish","type":"page","link":"https:\/\/www.destinytedarik.com\/index.php\/hakkimizda\/","title":{"rendered":"HAKKIMIZDA"},"content":{"rendered":"\t\t<div data-elementor-type=\"wp-page\" data-elementor-id=\"51\" class=\"elementor elementor-51\" data-elementor-post-type=\"page\">\n\t\t\t\t<div class=\"elementor-element elementor-element-385f24f e-flex e-con-boxed e-con e-parent\" data-id=\"385f24f\" data-element_type=\"container\" data-e-type=\"container\">\n\t\t\t\t\t<div class=\"e-con-inner\">\n\t\t<div class=\"elementor-element elementor-element-cd302fa e-con-full e-flex e-con e-child\" data-id=\"cd302fa\" data-element_type=\"container\" data-e-type=\"container\">\n\t\t\t\t<div class=\"elementor-element elementor-element-2af53c7 elementor-widget elementor-widget-heading\" data-id=\"2af53c7\" data-element_type=\"widget\" data-e-type=\"widget\" data-widget_type=\"heading.default\">\n\t\t\t\t\t<h2 class=\"elementor-heading-title elementor-size-default\">HAKKIMIZDA<\/h2>\t\t\t\t<\/div>\n\t\t\t\t<\/div>\n\t\t\t\t\t<\/div>\n\t\t\t\t<\/div>\n\t\t<div class=\"elementor-element elementor-element-b45af3f e-con-full e-flex e-con e-parent\" data-id=\"b45af3f\" data-element_type=\"container\" data-e-type=\"container\">\n\t\t\t\t<div class=\"elementor-element elementor-element-dbce785 elementor-widget__width-inherit elementor-widget elementor-widget-image\" data-id=\"dbce785\" data-element_type=\"widget\" data-e-type=\"widget\" data-widget_type=\"image.default\">\n\t\t\t\t\t\t\t\t\t\t\t\t\t\t\t<img decoding=\"async\" src=\"https:\/\/www.destinytedarik.com\/wp-content\/uploads\/2026\/01\/tedarik-1920-x-500-piksel.jpg\" title=\"tedarik (1920 x 500 piksel)\" alt=\"tedarik (1920 x 500 piksel)\" loading=\"lazy\" \/>\t\t\t\t\t\t\t\t\t\t\t\t\t\t\t<\/div>\n\t\t\t\t<\/div>\n\t\t<div class=\"elementor-element elementor-element-312d7ad e-flex e-con-boxed e-con e-parent\" data-id=\"312d7ad\" data-element_type=\"container\" data-e-type=\"container\">\n\t\t\t\t\t<div class=\"e-con-inner\">\n\t\t<div class=\"elementor-element elementor-element-e385b09 e-con-full e-flex e-con e-child\" data-id=\"e385b09\" data-element_type=\"container\" data-e-type=\"container\">\n\t\t\t\t<div class=\"elementor-element elementor-element-0a22c64 elementor-widget elementor-widget-text-editor\" data-id=\"0a22c64\" data-element_type=\"widget\" data-e-type=\"widget\" data-widget_type=\"text-editor.default\">\n\t\t\t\t\t\t\t\t\t<p><b data-path-to-node=\"4\" data-index-in-node=\"0\">Destiny Tedarik<\/b>, temelleri 19 Ekim 2020 tarihinde at\u0131lan, ticari yolculu\u011funa dijital sat\u0131\u015f operasyonlar\u0131yla ba\u015flayarak tedarik zinciri y\u00f6netiminde derin bir tecr\u00fcbe kazanan \u00e7\u00f6z\u00fcm odakl\u0131 bir markad\u0131r. Kurulu\u015f y\u0131llar\u0131ndaki dijital operasyon ba\u015far\u0131m\u0131z; stok y\u00f6netimi, sipari\u015f s\u00fcre\u00e7leri ve m\u00fc\u015fteri beklentileri konusunda sa\u011flam bir altyap\u0131 olu\u015fturmam\u0131z\u0131 sa\u011flam\u0131\u015ft\u0131r.<\/p><p>Bug\u00fcn firmam\u0131z; <b data-path-to-node=\"5\" data-index-in-node=\"16\">Temizlik Kimyasallar\u0131, Hijyen Gruplar\u0131, Ambalaj ve Sarf Malzemeleri<\/b> ile <b data-path-to-node=\"5\" data-index-in-node=\"88\">G\u0131da Tedariki<\/b> alanlar\u0131nda uzmanla\u015fm\u0131\u015ft\u0131r. \u00d6zellikle oteller, i\u015fletmeler, kamu kurumlar\u0131 ve \u00f6zel sekt\u00f6r kurulu\u015flar\u0131 i\u00e7in; kuruyemi\u015ften kahveye, ambalajdan end\u00fcstriyel temizli\u011fe kadar geni\u015f bir yelpazede b\u00fct\u00fcnc\u00fcl ve s\u00fcrd\u00fcr\u00fclebilir tedarik \u00e7\u00f6z\u00fcmleri sunuyoruz.<\/p>\t\t\t\t\t\t\t\t<\/div>\n\t\t\t\t<\/div>\n\t\t\t\t\t<\/div>\n\t\t\t\t<\/div>\n\t\t<div class=\"elementor-element elementor-element-2250222 e-flex e-con-boxed e-con e-parent\" data-id=\"2250222\" data-element_type=\"container\" data-e-type=\"container\">\n\t\t\t\t\t<div class=\"e-con-inner\">\n\t\t<div class=\"elementor-element elementor-element-dd8381d e-con-full e-flex e-con e-child\" data-id=\"dd8381d\" data-element_type=\"container\" data-e-type=\"container\">\n\t\t\t\t<div class=\"elementor-element elementor-element-5bf6d9e elementor-widget elementor-widget-text-editor\" data-id=\"5bf6d9e\" data-element_type=\"widget\" data-e-type=\"widget\" data-widget_type=\"text-editor.default\">\n\t\t\t\t\t\t\t\t\t<p>Sadece \u00fcr\u00fcn temin eden bir yap\u0131 olman\u0131n \u00f6tesinde; i\u015f ortaklar\u0131m\u0131z\u0131n operasyonel s\u00fcre\u00e7lerini kolayla\u015ft\u0131ran, maliyet ve stok y\u00f6netimine katk\u0131 sa\u011flayan stratejik bir \u00e7\u00f6z\u00fcm orta\u011f\u0131 olma vizyonuyla hareket ediyoruz.<\/p>\t\t\t\t\t\t\t\t<\/div>\n\t\t\t\t<\/div>\n\t\t\t\t\t<\/div>\n\t\t\t\t<\/div>\n\t\t<div class=\"elementor-element elementor-element-5ade6b2 e-flex e-con-boxed e-con e-parent\" data-id=\"5ade6b2\" data-element_type=\"container\" data-e-type=\"container\">\n\t\t\t\t\t<div class=\"e-con-inner\">\n\t\t<div class=\"elementor-element elementor-element-988132e e-con-full e-flex e-con e-child\" data-id=\"988132e\" data-element_type=\"container\" data-e-type=\"container\">\n\t\t<div class=\"elementor-element elementor-element-4e7e7f2 e-con-full e-flex e-con e-child\" data-id=\"4e7e7f2\" data-element_type=\"container\" data-e-type=\"container\">\n\t\t\t\t<div class=\"elementor-element elementor-element-8d8049e elementor-widget elementor-widget-heading\" data-id=\"8d8049e\" data-element_type=\"widget\" data-e-type=\"widget\" data-widget_type=\"heading.default\">\n\t\t\t\t\t<h2 class=\"elementor-heading-title elementor-size-default\">Misyonumuz<\/h2>\t\t\t\t<\/div>\n\t\t\t\t<div class=\"elementor-element elementor-element-fd5dae3 elementor-widget elementor-widget-text-editor\" data-id=\"fd5dae3\" data-element_type=\"widget\" data-e-type=\"widget\" data-widget_type=\"text-editor.default\">\n\t\t\t\t\t\t\t\t\t<p>Temizlik, ambalaj ve g\u0131da ihtiya\u00e7lar\u0131n\u0131; g\u00fcvenilir, h\u0131zl\u0131 ve rekabet\u00e7i fiyat politikas\u0131yla kar\u015f\u0131layarak m\u00fc\u015fterilerimizin operasyonel verimlili\u011fine de\u011fer katmak ve s\u00fcrd\u00fcr\u00fclebilir i\u015f ortakl\u0131klar\u0131 kurmakt\u0131r.<\/p>\t\t\t\t\t\t\t\t<\/div>\n\t\t\t\t<\/div>\n\t\t\t\t<\/div>\n\t\t\t\t\t<\/div>\n\t\t\t\t<\/div>\n\t\t<div class=\"elementor-element elementor-element-f23bbc1 e-flex e-con-boxed e-con e-parent\" data-id=\"f23bbc1\" data-element_type=\"container\" data-e-type=\"container\">\n\t\t\t\t\t<div class=\"e-con-inner\">\n\t\t<div class=\"elementor-element elementor-element-3e0aa44 e-con-full e-flex e-con e-child\" data-id=\"3e0aa44\" data-element_type=\"container\" data-e-type=\"container\">\n\t\t<div class=\"elementor-element elementor-element-cf256a9 e-con-full e-flex e-con e-child\" data-id=\"cf256a9\" data-element_type=\"container\" data-e-type=\"container\">\n\t\t\t\t<div class=\"elementor-element elementor-element-4861abd elementor-widget elementor-widget-heading\" data-id=\"4861abd\" data-element_type=\"widget\" data-e-type=\"widget\" data-widget_type=\"heading.default\">\n\t\t\t\t\t<h2 class=\"elementor-heading-title elementor-size-default\">Vizyonumuz<\/h2>\t\t\t\t<\/div>\n\t\t\t\t<div class=\"elementor-element elementor-element-45fb047 elementor-widget elementor-widget-text-editor\" data-id=\"45fb047\" data-element_type=\"widget\" data-e-type=\"widget\" data-widget_type=\"text-editor.default\">\n\t\t\t\t\t\t\t\t\t<p>Tedarik sekt\u00f6r\u00fcnde g\u00fcvenilirli\u011fi ve h\u0131zl\u0131 \u00e7\u00f6z\u00fcm kabiliyetiyle tan\u0131nan, yerli \u00fcretim g\u00fcc\u00fcn\u00fc destekleyen, b\u00f6lgesel ve ulusal \u00f6l\u00e7ekte \u00f6nc\u00fc bir tedarik markas\u0131 olmak.<\/p>\t\t\t\t\t\t\t\t<\/div>\n\t\t\t\t<\/div>\n\t\t\t\t<\/div>\n\t\t\t\t\t<\/div>\n\t\t\t\t<\/div>\n\t\t<div class=\"elementor-element elementor-element-697fa56 e-flex e-con-boxed e-con e-parent\" data-id=\"697fa56\" data-element_type=\"container\" data-e-type=\"container\">\n\t\t\t\t\t<div class=\"e-con-inner\">\n\t\t\t\t<div class=\"elementor-element elementor-element-8adceb0 elementor-widget elementor-widget-heading\" data-id=\"8adceb0\" data-element_type=\"widget\" data-e-type=\"widget\" data-widget_type=\"heading.default\">\n\t\t\t\t\t<h2 class=\"elementor-heading-title elementor-size-default\">De\u011ferlerimiz<\/h2>\t\t\t\t<\/div>\n\t\t\t\t\t<\/div>\n\t\t\t\t<\/div>\n\t\t<div class=\"elementor-element elementor-element-c93e989 e-flex e-con-boxed e-con e-parent\" data-id=\"c93e989\" data-element_type=\"container\" data-e-type=\"container\">\n\t\t\t\t\t<div class=\"e-con-inner\">\n\t\t<div class=\"elementor-element elementor-element-1bafe09 e-con-full e-flex e-con e-child\" data-id=\"1bafe09\" data-element_type=\"container\" data-e-type=\"container\">\n\t\t<div class=\"elementor-element elementor-element-f593a18 e-con-full e-flex e-con e-child\" data-id=\"f593a18\" data-element_type=\"container\" data-e-type=\"container\">\n\t\t\t\t<div class=\"elementor-element elementor-element-72177a3 elementor-view-default elementor-widget elementor-widget-icon\" data-id=\"72177a3\" data-element_type=\"widget\" data-e-type=\"widget\" data-widget_type=\"icon.default\">\n\t\t\t\t\t\t\t<div class=\"elementor-icon-wrapper\">\n\t\t\t<div class=\"elementor-icon\">\n\t\t\t<svg aria-hidden=\"true\" class=\"e-font-icon-svg e-fas-shield-virus\" viewBox=\"0 0 512 512\" xmlns=\"http:\/\/www.w3.org\/2000\/svg\"><path d=\"M224,192a16,16,0,1,0,16,16A16,16,0,0,0,224,192ZM466.5,83.68l-192-80A57.4,57.4,0,0,0,256.05,0a57.4,57.4,0,0,0-18.46,3.67l-192,80A47.93,47.93,0,0,0,16,128C16,326.5,130.5,463.72,237.5,508.32a48.09,48.09,0,0,0,36.91,0C360.09,472.61,496,349.3,496,128A48,48,0,0,0,466.5,83.68ZM384,256H371.88c-28.51,0-42.79,34.47-22.63,54.63l8.58,8.57a16,16,0,1,1-22.63,22.63l-8.57-8.58C306.47,313.09,272,327.37,272,355.88V368a16,16,0,0,1-32,0V355.88c0-28.51-34.47-42.79-54.63-22.63l-8.57,8.58a16,16,0,0,1-22.63-22.63l8.58-8.57c20.16-20.16,5.88-54.63-22.63-54.63H128a16,16,0,0,1,0-32h12.12c28.51,0,42.79-34.47,22.63-54.63l-8.58-8.57a16,16,0,0,1,22.63-22.63l8.57,8.58c20.16,20.16,54.63,5.88,54.63-22.63V112a16,16,0,0,1,32,0v12.12c0,28.51,34.47,42.79,54.63,22.63l8.57-8.58a16,16,0,0,1,22.63,22.63l-8.58,8.57C329.09,189.53,343.37,224,371.88,224H384a16,16,0,0,1,0,32Zm-96,0a16,16,0,1,0,16,16A16,16,0,0,0,288,256Z\"><\/path><\/svg>\t\t\t<\/div>\n\t\t<\/div>\n\t\t\t\t\t\t<\/div>\n\t\t\t\t<div class=\"elementor-element elementor-element-7643172 elementor-widget elementor-widget-heading\" data-id=\"7643172\" data-element_type=\"widget\" data-e-type=\"widget\" data-widget_type=\"heading.default\">\n\t\t\t\t\t<h2 class=\"elementor-heading-title elementor-size-default\">G\u00fcven<\/h2>\t\t\t\t<\/div>\n\t\t\t\t<div class=\"elementor-element elementor-element-ff38362 elementor-widget elementor-widget-text-editor\" data-id=\"ff38362\" data-element_type=\"widget\" data-e-type=\"widget\" data-widget_type=\"text-editor.default\">\n\t\t\t\t\t\t\t\t\t<p>\u015eeffaf ileti\u015fim ve kar\u015f\u0131l\u0131kl\u0131 g\u00fcvene dayal\u0131 g\u00fc\u00e7l\u00fc i\u015f ili\u015fkileri.<\/p>\t\t\t\t\t\t\t\t<\/div>\n\t\t\t\t<\/div>\n\t\t<div class=\"elementor-element elementor-element-1106689 e-con-full e-flex e-con e-child\" data-id=\"1106689\" data-element_type=\"container\" data-e-type=\"container\">\n\t\t\t\t<div class=\"elementor-element elementor-element-154f52f elementor-view-default elementor-widget elementor-widget-icon\" data-id=\"154f52f\" data-element_type=\"widget\" data-e-type=\"widget\" data-widget_type=\"icon.default\">\n\t\t\t\t\t\t\t<div class=\"elementor-icon-wrapper\">\n\t\t\t<div class=\"elementor-icon\">\n\t\t\t<svg aria-hidden=\"true\" class=\"e-font-icon-svg e-fas-shipping-fast\" viewBox=\"0 0 640 512\" xmlns=\"http:\/\/www.w3.org\/2000\/svg\"><path d=\"M624 352h-16V243.9c0-12.7-5.1-24.9-14.1-33.9L494 110.1c-9-9-21.2-14.1-33.9-14.1H416V48c0-26.5-21.5-48-48-48H112C85.5 0 64 21.5 64 48v48H8c-4.4 0-8 3.6-8 8v16c0 4.4 3.6 8 8 8h272c4.4 0 8 3.6 8 8v16c0 4.4-3.6 8-8 8H40c-4.4 0-8 3.6-8 8v16c0 4.4 3.6 8 8 8h208c4.4 0 8 3.6 8 8v16c0 4.4-3.6 8-8 8H8c-4.4 0-8 3.6-8 8v16c0 4.4 3.6 8 8 8h208c4.4 0 8 3.6 8 8v16c0 4.4-3.6 8-8 8H64v128c0 53 43 96 96 96s96-43 96-96h128c0 53 43 96 96 96s96-43 96-96h48c8.8 0 16-7.2 16-16v-32c0-8.8-7.2-16-16-16zM160 464c-26.5 0-48-21.5-48-48s21.5-48 48-48 48 21.5 48 48-21.5 48-48 48zm320 0c-26.5 0-48-21.5-48-48s21.5-48 48-48 48 21.5 48 48-21.5 48-48 48zm80-208H416V144h44.1l99.9 99.9V256z\"><\/path><\/svg>\t\t\t<\/div>\n\t\t<\/div>\n\t\t\t\t\t\t<\/div>\n\t\t\t\t<div class=\"elementor-element elementor-element-54383ea elementor-widget elementor-widget-heading\" data-id=\"54383ea\" data-element_type=\"widget\" data-e-type=\"widget\" data-widget_type=\"heading.default\">\n\t\t\t\t\t<h2 class=\"elementor-heading-title elementor-size-default\">H\u0131z &amp; S\u00fcreklilik<\/h2>\t\t\t\t<\/div>\n\t\t\t\t<div class=\"elementor-element elementor-element-742dde6 elementor-widget elementor-widget-text-editor\" data-id=\"742dde6\" data-element_type=\"widget\" data-e-type=\"widget\" data-widget_type=\"text-editor.default\">\n\t\t\t\t\t\t\t\t\t<p>Kesintisiz hizmet ve ihtiya\u00e7lara an\u0131nda yan\u0131t veren g\u00fc\u00e7l\u00fc lojistik yap\u0131.<\/p>\t\t\t\t\t\t\t\t<\/div>\n\t\t\t\t<\/div>\n\t\t<div class=\"elementor-element elementor-element-a3f49ed e-con-full e-flex e-con e-child\" data-id=\"a3f49ed\" data-element_type=\"container\" data-e-type=\"container\">\n\t\t\t\t<div class=\"elementor-element elementor-element-5c6e185 elementor-view-default elementor-widget elementor-widget-icon\" data-id=\"5c6e185\" data-element_type=\"widget\" data-e-type=\"widget\" data-widget_type=\"icon.default\">\n\t\t\t\t\t\t\t<div class=\"elementor-icon-wrapper\">\n\t\t\t<div class=\"elementor-icon\">\n\t\t\t<svg aria-hidden=\"true\" class=\"e-font-icon-svg e-fas-tag\" viewBox=\"0 0 512 512\" xmlns=\"http:\/\/www.w3.org\/2000\/svg\"><path d=\"M0 252.118V48C0 21.49 21.49 0 48 0h204.118a48 48 0 0 1 33.941 14.059l211.882 211.882c18.745 18.745 18.745 49.137 0 67.882L293.823 497.941c-18.745 18.745-49.137 18.745-67.882 0L14.059 286.059A48 48 0 0 1 0 252.118zM112 64c-26.51 0-48 21.49-48 48s21.49 48 48 48 48-21.49 48-48-21.49-48-48-48z\"><\/path><\/svg>\t\t\t<\/div>\n\t\t<\/div>\n\t\t\t\t\t\t<\/div>\n\t\t\t\t<div class=\"elementor-element elementor-element-d8a7724 elementor-widget elementor-widget-heading\" data-id=\"d8a7724\" data-element_type=\"widget\" data-e-type=\"widget\" data-widget_type=\"heading.default\">\n\t\t\t\t\t<h2 class=\"elementor-heading-title elementor-size-default\">Rekabet\u00e7i Fiyat<\/h2>\t\t\t\t<\/div>\n\t\t\t\t<div class=\"elementor-element elementor-element-56737ba elementor-widget elementor-widget-text-editor\" data-id=\"56737ba\" data-element_type=\"widget\" data-e-type=\"widget\" data-widget_type=\"text-editor.default\">\n\t\t\t\t\t\t\t\t\t<p>Kaliteden \u00f6d\u00fcn vermeden optimum maliyet y\u00f6netimi.<\/p>\t\t\t\t\t\t\t\t<\/div>\n\t\t\t\t<\/div>\n\t\t<div class=\"elementor-element elementor-element-68bf2dc e-con-full e-flex e-con e-child\" data-id=\"68bf2dc\" data-element_type=\"container\" data-e-type=\"container\">\n\t\t\t\t<div class=\"elementor-element elementor-element-e7e2148 elementor-view-default elementor-widget elementor-widget-icon\" data-id=\"e7e2148\" data-element_type=\"widget\" data-e-type=\"widget\" data-widget_type=\"icon.default\">\n\t\t\t\t\t\t\t<div class=\"elementor-icon-wrapper\">\n\t\t\t<div class=\"elementor-icon\">\n\t\t\t<svg aria-hidden=\"true\" class=\"e-font-icon-svg e-fas-map-marker-alt\" viewBox=\"0 0 384 512\" xmlns=\"http:\/\/www.w3.org\/2000\/svg\"><path d=\"M172.268 501.67C26.97 291.031 0 269.413 0 192 0 85.961 85.961 0 192 0s192 85.961 192 192c0 77.413-26.97 99.031-172.268 309.67-9.535 13.774-29.93 13.773-39.464 0zM192 272c44.183 0 80-35.817 80-80s-35.817-80-80-80-80 35.817-80 80 35.817 80 80 80z\"><\/path><\/svg>\t\t\t<\/div>\n\t\t<\/div>\n\t\t\t\t\t\t<\/div>\n\t\t\t\t<div class=\"elementor-element elementor-element-b9239e6 elementor-widget elementor-widget-heading\" data-id=\"b9239e6\" data-element_type=\"widget\" data-e-type=\"widget\" data-widget_type=\"heading.default\">\n\t\t\t\t\t<h2 class=\"elementor-heading-title elementor-size-default\">Yerli Tedarik<\/h2>\t\t\t\t<\/div>\n\t\t\t\t<div class=\"elementor-element elementor-element-0325f6b elementor-widget elementor-widget-text-editor\" data-id=\"0325f6b\" data-element_type=\"widget\" data-e-type=\"widget\" data-widget_type=\"text-editor.default\">\n\t\t\t\t\t\t\t\t\t<p>Yerli \u00fcretimi destekleyen s\u00fcrd\u00fcr\u00fclebilir tedarik yakla\u015f\u0131m\u0131.<\/p>\t\t\t\t\t\t\t\t<\/div>\n\t\t\t\t<\/div>\n\t\t<div class=\"elementor-element elementor-element-2783658 e-con-full e-flex e-con e-child\" data-id=\"2783658\" data-element_type=\"container\" data-e-type=\"container\">\n\t\t\t\t<div class=\"elementor-element elementor-element-88f221c elementor-view-default elementor-widget elementor-widget-icon\" data-id=\"88f221c\" data-element_type=\"widget\" data-e-type=\"widget\" data-widget_type=\"icon.default\">\n\t\t\t\t\t\t\t<div class=\"elementor-icon-wrapper\">\n\t\t\t<div class=\"elementor-icon\">\n\t\t\t<svg aria-hidden=\"true\" class=\"e-font-icon-svg e-fas-hand-holding-heart\" viewBox=\"0 0 576 512\" xmlns=\"http:\/\/www.w3.org\/2000\/svg\"><path d=\"M275.3 250.5c7 7.4 18.4 7.4 25.5 0l108.9-114.2c31.6-33.2 29.8-88.2-5.6-118.8-30.8-26.7-76.7-21.9-104.9 7.7L288 36.9l-11.1-11.6C248.7-4.4 202.8-9.2 172 17.5c-35.3 30.6-37.2 85.6-5.6 118.8l108.9 114.2zm290 77.6c-11.8-10.7-30.2-10-42.6 0L430.3 402c-11.3 9.1-25.4 14-40 14H272c-8.8 0-16-7.2-16-16s7.2-16 16-16h78.3c15.9 0 30.7-10.9 33.3-26.6 3.3-20-12.1-37.4-31.6-37.4H192c-27 0-53.1 9.3-74.1 26.3L71.4 384H16c-8.8 0-16 7.2-16 16v96c0 8.8 7.2 16 16 16h356.8c14.5 0 28.6-4.9 40-14L564 377c15.2-12.1 16.4-35.3 1.3-48.9z\"><\/path><\/svg>\t\t\t<\/div>\n\t\t<\/div>\n\t\t\t\t\t\t<\/div>\n\t\t\t\t<div class=\"elementor-element elementor-element-b4dde63 elementor-widget elementor-widget-heading\" data-id=\"b4dde63\" data-element_type=\"widget\" data-e-type=\"widget\" data-widget_type=\"heading.default\">\n\t\t\t\t\t<h2 class=\"elementor-heading-title elementor-size-default\">Sorumluluk<\/h2>\t\t\t\t<\/div>\n\t\t\t\t<div class=\"elementor-element elementor-element-1a83284 elementor-widget elementor-widget-text-editor\" data-id=\"1a83284\" data-element_type=\"widget\" data-e-type=\"widget\" data-widget_type=\"text-editor.default\">\n\t\t\t\t\t\t\t\t\t<p>Taahh\u00fctlerini eksiksiz yerine getiren profesyonel i\u015f disiplini.<\/p>\t\t\t\t\t\t\t\t<\/div>\n\t\t\t\t<\/div>\n\t\t\t\t<\/div>\n\t\t\t\t\t<\/div>\n\t\t\t\t<\/div>\n\t\t\t\t<\/div>\n\t\t","protected":false},"excerpt":{"rendered":"<p>HAKKIMIZDA Destiny Tedarik, temelleri 19 Ekim 2020 tarihinde at\u0131lan, ticari yolculu\u011funa dijital sat\u0131\u015f operasyonlar\u0131yla ba\u015flayarak tedarik zinciri y\u00f6netiminde derin bir tecr\u00fcbe kazanan \u00e7\u00f6z\u00fcm odakl\u0131 bir markad\u0131r. Kurulu\u015f y\u0131llar\u0131ndaki dijital operasyon ba\u015far\u0131m\u0131z; stok y\u00f6netimi, sipari\u015f s\u00fcre\u00e7leri ve m\u00fc\u015fteri beklentileri konusunda sa\u011flam bir altyap\u0131 olu\u015fturmam\u0131z\u0131 sa\u011flam\u0131\u015ft\u0131r. Bug\u00fcn firmam\u0131z; Temizlik Kimyasallar\u0131, Hijyen Gruplar\u0131, Ambalaj ve Sarf Malzemeleri ile [&hellip;]<\/p>\n","protected":false},"author":1,"featured_media":0,"parent":0,"menu_order":0,"comment_status":"closed","ping_status":"closed","template":"","meta":{"footnotes":""},"class_list":["post-51","page","type-page","status-publish","hentry"],"blocksy_meta":[],"_links":{"self":[{"href":"https:\/\/www.destinytedarik.com\/index.php\/wp-json\/wp\/v2\/pages\/51","targetHints":{"allow":["GET"]}}],"collection":[{"href":"https:\/\/www.destinytedarik.com\/index.php\/wp-json\/wp\/v2\/pages"}],"about":[{"href":"https:\/\/www.destinytedarik.com\/index.php\/wp-json\/wp\/v2\/types\/page"}],"author":[{"embeddable":true,"href":"https:\/\/www.destinytedarik.com\/index.php\/wp-json\/wp\/v2\/users\/1"}],"replies":[{"embeddable":true,"href":"https:\/\/www.destinytedarik.com\/index.php\/wp-json\/wp\/v2\/comments?post=51"}],"version-history":[{"count":0,"href":"https:\/\/www.destinytedarik.com\/index.php\/wp-json\/wp\/v2\/pages\/51\/revisions"}],"wp:attachment":[{"href":"https:\/\/www.destinytedarik.com\/index.php\/wp-json\/wp\/v2\/media?parent=51"}],"curies":[{"name":"wp","href":"https:\/\/api.w.org\/{rel}","templated":true}]}}