{"id":1284,"date":"2026-01-17T13:41:57","date_gmt":"2026-01-17T13:41:57","guid":{"rendered":"https:\/\/www.destinytedarik.com\/?page_id=1284"},"modified":"2026-01-19T20:35:15","modified_gmt":"2026-01-19T20:35:15","slug":"sarf-malzeme-grubu","status":"publish","type":"page","link":"https:\/\/www.destinytedarik.com\/index.php\/sarf-malzeme-grubu\/","title":{"rendered":"SARF MALZEME GRUBU"},"content":{"rendered":"\t\t<div data-elementor-type=\"wp-page\" data-elementor-id=\"1284\" class=\"elementor elementor-1284\" data-elementor-post-type=\"page\">\n\t\t\t\t<div class=\"elementor-element elementor-element-d82005b e-flex e-con-boxed e-con e-parent\" data-id=\"d82005b\" data-element_type=\"container\" data-e-type=\"container\">\n\t\t\t\t\t<div class=\"e-con-inner\">\n\t\t<div class=\"elementor-element elementor-element-ee2fe04 e-con-full e-flex e-con e-child\" data-id=\"ee2fe04\" data-element_type=\"container\" data-e-type=\"container\">\n\t\t\t\t<div class=\"elementor-element elementor-element-ef80b9c elementor-widget elementor-widget-heading\" data-id=\"ef80b9c\" data-element_type=\"widget\" data-e-type=\"widget\" data-widget_type=\"heading.default\">\n\t\t\t\t\t<h2 class=\"elementor-heading-title elementor-size-default\">SARF MALZEME GRUBU<\/h2>\t\t\t\t<\/div>\n\t\t\t\t<\/div>\n\t\t\t\t\t<\/div>\n\t\t\t\t<\/div>\n\t\t<div class=\"elementor-element elementor-element-055af4a e-flex e-con-boxed e-con e-parent\" data-id=\"055af4a\" data-element_type=\"container\" data-e-type=\"container\">\n\t\t\t\t\t<div class=\"e-con-inner\">\n\t\t<div class=\"elementor-element elementor-element-7b57842 e-con-full e-flex e-con e-child\" data-id=\"7b57842\" data-element_type=\"container\" data-e-type=\"container\">\n\t\t<div class=\"elementor-element elementor-element-85515fc e-con-full e-flex e-con e-child\" data-id=\"85515fc\" data-element_type=\"container\" data-e-type=\"container\">\n\t\t\t\t<div class=\"elementor-element elementor-element-ab5f3a4 elementor-widget elementor-widget-image\" data-id=\"ab5f3a4\" data-element_type=\"widget\" data-e-type=\"widget\" data-widget_type=\"image.default\">\n\t\t\t\t\t\t\t\t\t\t\t\t<figure class=\"wp-caption\">\n\t\t\t\t\t\t\t\t\t\t<img fetchpriority=\"high\" decoding=\"async\" width=\"300\" height=\"300\" src=\"https:\/\/www.destinytedarik.com\/wp-content\/uploads\/2026\/01\/1-17.jpg\" class=\"attachment-medium size-medium wp-image-1355\" alt=\"\" srcset=\"https:\/\/www.destinytedarik.com\/wp-content\/uploads\/2026\/01\/1-17.jpg 300w, https:\/\/www.destinytedarik.com\/wp-content\/uploads\/2026\/01\/1-17-150x150.jpg 150w\" sizes=\"(max-width: 300px) 100vw, 300px\" \/>\t\t\t\t\t\t\t\t\t\t\t<figcaption class=\"widget-image-caption wp-caption-text\"><\/figcaption>\n\t\t\t\t\t\t\t\t\t\t<\/figure>\n\t\t\t\t\t\t\t\t\t<\/div>\n\t\t\t\t<div class=\"elementor-element elementor-element-c59b80d elementor-widget elementor-widget-heading\" data-id=\"c59b80d\" data-element_type=\"widget\" data-e-type=\"widget\" data-widget_type=\"heading.default\">\n\t\t\t\t\t<h2 class=\"elementor-heading-title elementor-size-default\">End\u00fcstriyel Ka\u011f\u0131t Dispenserleri<\/h2>\t\t\t\t<\/div>\n\t\t\t\t<\/div>\n\t\t<div class=\"elementor-element elementor-element-caae124 e-con-full e-flex e-con e-child\" data-id=\"caae124\" data-element_type=\"container\" data-e-type=\"container\">\n\t\t\t\t<div class=\"elementor-element elementor-element-cc1a134 elementor-widget elementor-widget-image\" data-id=\"cc1a134\" data-element_type=\"widget\" data-e-type=\"widget\" data-widget_type=\"image.default\">\n\t\t\t\t\t\t\t\t\t\t\t\t<figure class=\"wp-caption\">\n\t\t\t\t\t\t\t\t\t\t<img decoding=\"async\" width=\"300\" height=\"300\" src=\"https:\/\/www.destinytedarik.com\/wp-content\/uploads\/2026\/01\/Adsiz-tasarim-57.jpg\" class=\"attachment-medium size-medium wp-image-1057\" alt=\"\" srcset=\"https:\/\/www.destinytedarik.com\/wp-content\/uploads\/2026\/01\/Adsiz-tasarim-57.jpg 300w, https:\/\/www.destinytedarik.com\/wp-content\/uploads\/2026\/01\/Adsiz-tasarim-57-150x150.jpg 150w\" sizes=\"(max-width: 300px) 100vw, 300px\" \/>\t\t\t\t\t\t\t\t\t\t\t<figcaption class=\"widget-image-caption wp-caption-text\"><\/figcaption>\n\t\t\t\t\t\t\t\t\t\t<\/figure>\n\t\t\t\t\t\t\t\t\t<\/div>\n\t\t\t\t<div class=\"elementor-element elementor-element-802c8f0 elementor-widget elementor-widget-heading\" data-id=\"802c8f0\" data-element_type=\"widget\" data-e-type=\"widget\" data-widget_type=\"heading.default\">\n\t\t\t\t\t<h2 class=\"elementor-heading-title elementor-size-default\">K\u0131rtasiye \u00dcr\u00fcnleri<\/h2>\t\t\t\t<\/div>\n\t\t\t\t<\/div>\n\t\t<div class=\"elementor-element elementor-element-2bb3169 e-con-full e-flex e-con e-child\" data-id=\"2bb3169\" data-element_type=\"container\" data-e-type=\"container\">\n\t\t\t\t<div class=\"elementor-element elementor-element-f680e34 elementor-widget elementor-widget-image\" data-id=\"f680e34\" data-element_type=\"widget\" data-e-type=\"widget\" data-widget_type=\"image.default\">\n\t\t\t\t\t\t\t\t\t\t\t\t<figure class=\"wp-caption\">\n\t\t\t\t\t\t\t\t\t\t<img decoding=\"async\" width=\"300\" height=\"300\" src=\"https:\/\/www.destinytedarik.com\/wp-content\/uploads\/2026\/01\/8-2.jpg\" class=\"attachment-medium size-medium wp-image-1351\" alt=\"\" srcset=\"https:\/\/www.destinytedarik.com\/wp-content\/uploads\/2026\/01\/8-2.jpg 300w, https:\/\/www.destinytedarik.com\/wp-content\/uploads\/2026\/01\/8-2-150x150.jpg 150w\" sizes=\"(max-width: 300px) 100vw, 300px\" \/>\t\t\t\t\t\t\t\t\t\t\t<figcaption class=\"widget-image-caption wp-caption-text\"><\/figcaption>\n\t\t\t\t\t\t\t\t\t\t<\/figure>\n\t\t\t\t\t\t\t\t\t<\/div>\n\t\t\t\t<div class=\"elementor-element elementor-element-40dbaf3 elementor-widget elementor-widget-heading\" data-id=\"40dbaf3\" data-element_type=\"widget\" data-e-type=\"widget\" data-widget_type=\"heading.default\">\n\t\t\t\t\t<h2 class=\"elementor-heading-title elementor-size-default\">Pipetler<\/h2>\t\t\t\t<\/div>\n\t\t\t\t<\/div>\n\t\t<div class=\"elementor-element elementor-element-673cda7 e-con-full e-flex e-con e-child\" data-id=\"673cda7\" data-element_type=\"container\" data-e-type=\"container\">\n\t\t\t\t<div class=\"elementor-element elementor-element-e80c46d elementor-widget elementor-widget-image\" data-id=\"e80c46d\" data-element_type=\"widget\" data-e-type=\"widget\" data-widget_type=\"image.default\">\n\t\t\t\t\t\t\t\t\t\t\t\t<figure class=\"wp-caption\">\n\t\t\t\t\t\t\t\t\t\t<img loading=\"lazy\" decoding=\"async\" width=\"300\" height=\"300\" src=\"https:\/\/www.destinytedarik.com\/wp-content\/uploads\/2026\/01\/2-6.jpg\" class=\"attachment-medium size-medium wp-image-1347\" alt=\"\" srcset=\"https:\/\/www.destinytedarik.com\/wp-content\/uploads\/2026\/01\/2-6.jpg 300w, https:\/\/www.destinytedarik.com\/wp-content\/uploads\/2026\/01\/2-6-150x150.jpg 150w\" sizes=\"(max-width: 300px) 100vw, 300px\" \/>\t\t\t\t\t\t\t\t\t\t\t<figcaption class=\"widget-image-caption wp-caption-text\"><\/figcaption>\n\t\t\t\t\t\t\t\t\t\t<\/figure>\n\t\t\t\t\t\t\t\t\t<\/div>\n\t\t\t\t<div class=\"elementor-element elementor-element-e05200d elementor-widget elementor-widget-heading\" data-id=\"e05200d\" data-element_type=\"widget\" data-e-type=\"widget\" data-widget_type=\"heading.default\">\n\t\t\t\t\t<h2 class=\"elementor-heading-title elementor-size-default\">Piller<\/h2>\t\t\t\t<\/div>\n\t\t\t\t<\/div>\n\t\t\t\t<\/div>\n\t\t\t\t\t<\/div>\n\t\t\t\t<\/div>\n\t\t<div class=\"elementor-element elementor-element-1783086 e-flex e-con-boxed e-con e-parent\" data-id=\"1783086\" data-element_type=\"container\" data-e-type=\"container\">\n\t\t\t\t\t<div class=\"e-con-inner\">\n\t\t<div class=\"elementor-element elementor-element-75f29ca e-con-full e-flex e-con e-child\" data-id=\"75f29ca\" data-element_type=\"container\" data-e-type=\"container\">\n\t\t<div class=\"elementor-element elementor-element-002ed93 e-con-full e-flex e-con e-child\" data-id=\"002ed93\" data-element_type=\"container\" data-e-type=\"container\">\n\t\t\t\t<div class=\"elementor-element elementor-element-802041e elementor-widget elementor-widget-image\" data-id=\"802041e\" data-element_type=\"widget\" data-e-type=\"widget\" data-widget_type=\"image.default\">\n\t\t\t\t\t\t\t\t\t\t\t\t<figure class=\"wp-caption\">\n\t\t\t\t\t\t\t\t\t\t<img loading=\"lazy\" decoding=\"async\" width=\"300\" height=\"300\" src=\"https:\/\/www.destinytedarik.com\/wp-content\/uploads\/2026\/01\/6-3.jpg\" class=\"attachment-medium size-medium wp-image-1374\" alt=\"\" srcset=\"https:\/\/www.destinytedarik.com\/wp-content\/uploads\/2026\/01\/6-3.jpg 300w, https:\/\/www.destinytedarik.com\/wp-content\/uploads\/2026\/01\/6-3-150x150.jpg 150w\" sizes=\"(max-width: 300px) 100vw, 300px\" \/>\t\t\t\t\t\t\t\t\t\t\t<figcaption class=\"widget-image-caption wp-caption-text\"><\/figcaption>\n\t\t\t\t\t\t\t\t\t\t<\/figure>\n\t\t\t\t\t\t\t\t\t<\/div>\n\t\t\t\t<div class=\"elementor-element elementor-element-1c49d73 elementor-widget elementor-widget-heading\" data-id=\"1c49d73\" data-element_type=\"widget\" data-e-type=\"widget\" data-widget_type=\"heading.default\">\n\t\t\t\t\t<h2 class=\"elementor-heading-title elementor-size-default\">Hava \u015eartland\u0131r\u0131c\u0131lar &amp; Kokular<\/h2>\t\t\t\t<\/div>\n\t\t\t\t<\/div>\n\t\t<div class=\"elementor-element elementor-element-27d9ab7 e-con-full e-flex e-con e-child\" data-id=\"27d9ab7\" data-element_type=\"container\" data-e-type=\"container\">\n\t\t\t\t<div class=\"elementor-element elementor-element-a4a80b3 elementor-widget elementor-widget-image\" data-id=\"a4a80b3\" data-element_type=\"widget\" data-e-type=\"widget\" data-widget_type=\"image.default\">\n\t\t\t\t\t\t\t\t\t\t\t\t<figure class=\"wp-caption\">\n\t\t\t\t\t\t\t\t\t\t<img loading=\"lazy\" decoding=\"async\" width=\"300\" height=\"300\" src=\"https:\/\/www.destinytedarik.com\/wp-content\/uploads\/2026\/01\/5-2.jpg\" class=\"attachment-medium size-medium wp-image-1375\" alt=\"\" srcset=\"https:\/\/www.destinytedarik.com\/wp-content\/uploads\/2026\/01\/5-2.jpg 300w, https:\/\/www.destinytedarik.com\/wp-content\/uploads\/2026\/01\/5-2-150x150.jpg 150w\" sizes=\"(max-width: 300px) 100vw, 300px\" \/>\t\t\t\t\t\t\t\t\t\t\t<figcaption class=\"widget-image-caption wp-caption-text\"><\/figcaption>\n\t\t\t\t\t\t\t\t\t\t<\/figure>\n\t\t\t\t\t\t\t\t\t<\/div>\n\t\t\t\t<div class=\"elementor-element elementor-element-56700fa elementor-widget elementor-widget-heading\" data-id=\"56700fa\" data-element_type=\"widget\" data-e-type=\"widget\" data-widget_type=\"heading.default\">\n\t\t\t\t\t<h2 class=\"elementor-heading-title elementor-size-default\">Kolonyalar<\/h2>\t\t\t\t<\/div>\n\t\t\t\t<\/div>\n\t\t<div class=\"elementor-element elementor-element-25e7c3a e-con-full e-flex e-con e-child\" data-id=\"25e7c3a\" data-element_type=\"container\" data-e-type=\"container\">\n\t\t\t\t<div class=\"elementor-element elementor-element-6d4a6c3 elementor-widget elementor-widget-image\" data-id=\"6d4a6c3\" data-element_type=\"widget\" data-e-type=\"widget\" data-widget_type=\"image.default\">\n\t\t\t\t\t\t\t\t\t\t\t\t<figure class=\"wp-caption\">\n\t\t\t\t\t\t\t\t\t\t<img loading=\"lazy\" decoding=\"async\" width=\"300\" height=\"300\" src=\"https:\/\/www.destinytedarik.com\/wp-content\/uploads\/2026\/01\/6-2.jpg\" class=\"attachment-medium size-medium wp-image-1343\" alt=\"\" srcset=\"https:\/\/www.destinytedarik.com\/wp-content\/uploads\/2026\/01\/6-2.jpg 300w, https:\/\/www.destinytedarik.com\/wp-content\/uploads\/2026\/01\/6-2-150x150.jpg 150w\" sizes=\"(max-width: 300px) 100vw, 300px\" \/>\t\t\t\t\t\t\t\t\t\t\t<figcaption class=\"widget-image-caption wp-caption-text\"><\/figcaption>\n\t\t\t\t\t\t\t\t\t\t<\/figure>\n\t\t\t\t\t\t\t\t\t<\/div>\n\t\t\t\t<div class=\"elementor-element elementor-element-724dd67 elementor-widget elementor-widget-heading\" data-id=\"724dd67\" data-element_type=\"widget\" data-e-type=\"widget\" data-widget_type=\"heading.default\">\n\t\t\t\t\t<h2 class=\"elementor-heading-title elementor-size-default\">Po\u015fet \u00c7antalar &amp; Torbalar<\/h2>\t\t\t\t<\/div>\n\t\t\t\t<\/div>\n\t\t<div class=\"elementor-element elementor-element-5debfe8 e-con-full e-flex e-con e-child\" data-id=\"5debfe8\" data-element_type=\"container\" data-e-type=\"container\">\n\t\t\t\t<div class=\"elementor-element elementor-element-aed09b0 elementor-widget elementor-widget-image\" data-id=\"aed09b0\" data-element_type=\"widget\" data-e-type=\"widget\" data-widget_type=\"image.default\">\n\t\t\t\t\t\t\t\t\t\t\t\t<figure class=\"wp-caption\">\n\t\t\t\t\t\t\t\t\t\t<img loading=\"lazy\" decoding=\"async\" width=\"300\" height=\"300\" src=\"https:\/\/www.destinytedarik.com\/wp-content\/uploads\/2026\/01\/9-4.jpg\" class=\"attachment-medium size-medium wp-image-1339\" alt=\"\" srcset=\"https:\/\/www.destinytedarik.com\/wp-content\/uploads\/2026\/01\/9-4.jpg 300w, https:\/\/www.destinytedarik.com\/wp-content\/uploads\/2026\/01\/9-4-150x150.jpg 150w\" sizes=\"(max-width: 300px) 100vw, 300px\" \/>\t\t\t\t\t\t\t\t\t\t\t<figcaption class=\"widget-image-caption wp-caption-text\"><\/figcaption>\n\t\t\t\t\t\t\t\t\t\t<\/figure>\n\t\t\t\t\t\t\t\t\t<\/div>\n\t\t\t\t<div class=\"elementor-element elementor-element-c8536c7 elementor-widget elementor-widget-heading\" data-id=\"c8536c7\" data-element_type=\"widget\" data-e-type=\"widget\" data-widget_type=\"heading.default\">\n\t\t\t\t\t<h2 class=\"elementor-heading-title elementor-size-default\">Stre\u00e7 Filmler &amp; Folyolar<\/h2>\t\t\t\t<\/div>\n\t\t\t\t<\/div>\n\t\t\t\t<\/div>\n\t\t\t\t\t<\/div>\n\t\t\t\t<\/div>\n\t\t\t\t<\/div>\n\t\t","protected":false},"excerpt":{"rendered":"<p>SARF MALZEME GRUBU End\u00fcstriyel Ka\u011f\u0131t Dispenserleri K\u0131rtasiye \u00dcr\u00fcnleri Pipetler Piller Hava \u015eartland\u0131r\u0131c\u0131lar &amp; Kokular Kolonyalar Po\u015fet \u00c7antalar &amp; Torbalar Stre\u00e7 Filmler &amp; Folyolar<\/p>\n","protected":false},"author":1,"featured_media":0,"parent":0,"menu_order":0,"comment_status":"closed","ping_status":"closed","template":"","meta":{"footnotes":""},"class_list":["post-1284","page","type-page","status-publish","hentry"],"blocksy_meta":[],"_links":{"self":[{"href":"https:\/\/www.destinytedarik.com\/index.php\/wp-json\/wp\/v2\/pages\/1284","targetHints":{"allow":["GET"]}}],"collection":[{"href":"https:\/\/www.destinytedarik.com\/index.php\/wp-json\/wp\/v2\/pages"}],"about":[{"href":"https:\/\/www.destinytedarik.com\/index.php\/wp-json\/wp\/v2\/types\/page"}],"author":[{"embeddable":true,"href":"https:\/\/www.destinytedarik.com\/index.php\/wp-json\/wp\/v2\/users\/1"}],"replies":[{"embeddable":true,"href":"https:\/\/www.destinytedarik.com\/index.php\/wp-json\/wp\/v2\/comments?post=1284"}],"version-history":[{"count":0,"href":"https:\/\/www.destinytedarik.com\/index.php\/wp-json\/wp\/v2\/pages\/1284\/revisions"}],"wp:attachment":[{"href":"https:\/\/www.destinytedarik.com\/index.php\/wp-json\/wp\/v2\/media?parent=1284"}],"curies":[{"name":"wp","href":"https:\/\/api.w.org\/{rel}","templated":true}]}}